{"id":91,"date":"2015-10-01T14:02:23","date_gmt":"2015-10-01T14:02:23","guid":{"rendered":"http:\/\/www.someflu.fr\/?page_id=91"},"modified":"2022-07-26T10:57:53","modified_gmt":"2022-07-26T10:57:53","slug":"credits","status":"publish","type":"page","link":"https:\/\/www.aplast.fr\/index.php\/credits\/","title":{"rendered":"Cr\u00e9dits"},"content":{"rendered":"<p>Le site <a href=\"https:\/\/www.aplast.fr\" target=\"_blank\" rel=\"noopener\">aplast.fr<\/a> est la propri\u00e9t\u00e9 de SOMEFLU.<\/p>\n<p><strong>APLAST SASU<br \/>\n<\/strong>SIREN 908 493 497<br \/>\nRCS Chambery B 908 493 497<br \/>\nCode APE 2229A<br \/>\nN\u00b0 TVA FR 14 908 493 497<\/p>\n<p>Adresse du si\u00e8ge social<br \/>\n61 rue du Glatey<br \/>\nZ.A Le Glatey<br \/>\n73410 La Biolle, FRANCE<br \/>\nT\u00e9l : +33 4 79 54 75 58<br \/>\nFax : +33 4 79 54 70 18<br \/>\n<a href=\"https:\/\/www.aplast.fr\" target=\"_blank\" rel=\"noopener\">www.aplast.fr<\/a><br \/>\nE-mail : contact@aplast.fr<br \/>\nDirecteur de la publication : Thomas LACOUR<\/p>\n<p><strong>H\u00e9bergeurs<\/strong><br \/>\nGANDI SAS<br \/>\n63-65 boulevard Mass\u00e9na Paris, 75013, FRANCE<br \/>\nSiren : 423 093 459 RCS PARIS<br \/>\nTVA : FR 81423093459<br \/>\nTel  : +33 1 70 37 76 61<br \/>\nFax : +33 1 43 73 18 51<\/p>\n<p>Conception et production du site : <strong><a href=\"http:\/\/www.i-g-o.fr\" target=\"_blank\" rel=\"noopener\">Agence IGO<\/a><\/strong><br \/>\nResponsable agence : <strong>Guillaume OUDENOT<\/strong><br \/>\nDirection artistique : <strong>Sophie DE DINECHIN<\/strong><br \/>\nGestion de projet : <strong>Aicha CHARPENTIER<\/strong><\/p>\n<p>D\u00e9veloppement : <strong><a href=\"http:\/\/www.idweb.fr\/\" target=\"_blank\" rel=\"noopener\">IDWEB<\/a><\/strong><\/p>\n<p>Merci de bien vouloir prendre connaissance de l\u2019int\u00e9gralit\u00e9 des <a href=\"https:\/\/www.aplast.fr\/index.php\/mentions-legales\/\" target=\"_blank\" rel=\"noopener\">Mentions L\u00e9gales<\/a>&nbsp;g\u00e9n\u00e9r\u00e9s par&nbsp;<span class=\"s1\"><a href=\"http:\/\/www.subdelirium.com\/creation-site-internet\/\" target=\"_blank\" rel=\"noopener\">Subdelirium<\/a>&nbsp;<\/span>avant de consulter le site.<\/p>\n","protected":false},"excerpt":{"rendered":"<p>Le site aplast.fr est la propri\u00e9t\u00e9 de SOMEFLU. APLAST SASU SIREN 908 493 497 RCS Chambery B 908 493 497 Code APE 2229A N\u00b0 TVA FR 14 908 493 497 Adresse du si\u00e8ge social 61 rue du Glatey Z.A Le Glatey 73410 La Biolle, FRANCE T\u00e9l : +33 4 79 54 75 58 Fax : [&hellip;]<\/p>\n","protected":false},"author":1,"featured_media":0,"parent":0,"menu_order":0,"comment_status":"closed","ping_status":"closed","template":"","meta":{"_acf_changed":false,"footnotes":""},"class_list":["post-91","page","type-page","status-publish","hentry"],"acf":[],"_links":{"self":[{"href":"https:\/\/www.aplast.fr\/index.php\/wp-json\/wp\/v2\/pages\/91","targetHints":{"allow":["GET"]}}],"collection":[{"href":"https:\/\/www.aplast.fr\/index.php\/wp-json\/wp\/v2\/pages"}],"about":[{"href":"https:\/\/www.aplast.fr\/index.php\/wp-json\/wp\/v2\/types\/page"}],"author":[{"embeddable":true,"href":"https:\/\/www.aplast.fr\/index.php\/wp-json\/wp\/v2\/users\/1"}],"replies":[{"embeddable":true,"href":"https:\/\/www.aplast.fr\/index.php\/wp-json\/wp\/v2\/comments?post=91"}],"version-history":[{"count":21,"href":"https:\/\/www.aplast.fr\/index.php\/wp-json\/wp\/v2\/pages\/91\/revisions"}],"predecessor-version":[{"id":2371,"href":"https:\/\/www.aplast.fr\/index.php\/wp-json\/wp\/v2\/pages\/91\/revisions\/2371"}],"wp:attachment":[{"href":"https:\/\/www.aplast.fr\/index.php\/wp-json\/wp\/v2\/media?parent=91"}],"curies":[{"name":"wp","href":"https:\/\/api.w.org\/{rel}","templated":true}]}}