{"id":81,"date":"2015-10-01T14:01:38","date_gmt":"2015-10-01T14:01:38","guid":{"rendered":"http:\/\/www.someflu.fr\/?page_id=81"},"modified":"2016-03-07T08:46:58","modified_gmt":"2016-03-07T08:46:58","slug":"qui-sommes-nous","status":"publish","type":"page","link":"https:\/\/www.aplast.fr\/index.php\/entreprise\/qui-sommes-nous\/","title":{"rendered":"Qui sommes-nous"},"content":{"rendered":"<p style=\"text-align: justify;\"><span style=\"font-size: 18.6667px; line-height: 28px;\"><b>\u00ab\u00a0Transformation des Plastiques Hautes Performances\u00a0\u00bb\u00a0<\/b><\/span><\/p>\n<p style=\"text-align: justify;\">Depuis plus de 30 ans,<strong> APLAST <\/strong>est\u00a0une entreprise familiale sp\u00e9cialis\u00e9e dans la transformation des mati\u00e8res<b> Plastiques Hautes Performances :<\/b><\/p>\n<ul>\n<li style=\"text-align: justify;\">Thermoplastiques techniques: PEEK, PPSU, PEI, PES, PSU, PPE, PC&#8230;<\/li>\n<li style=\"text-align: justify;\">Thermoplastiques fluor\u00e9s: PFA, FEP, ETFE, ECTFE, PVDF, PCTFE&#8230;<\/li>\n<\/ul>\n<p style=\"text-align: justify;\"><strong>APLAST\u00a0<\/strong>a d\u00e9velopp\u00e9 un savoir-faire unique. Son proc\u00e9d\u00e9 de transformation appel\u00e9 <strong>\u00ab\u00a0EXTRUSION-COMPRESSION\u00a0\u00bb<\/strong> permet de proposer des plaques, des barres rondes, des galets, des \u00e9bauches creuses, et des \u00e9bauches moul\u00e9es suivant plan.<\/p>\n<p style=\"text-align: justify;\">Notre savoir-faire fait de nous un acteur reconnu dans les secteurs d&rsquo;activit\u00e9s de pointe (M\u00e9dical, Nucl\u00e9aire, A\u00e9ronautique, Semi-Conducteurs, Oil and Gas, Sports m\u00e9caniques&#8230;).<\/p>\n<p style=\"text-align: justify;\">La diversit\u00e9 de notre outil de production\u00a0associ\u00e9 \u00e0 la comp\u00e9tence et l\u2019exp\u00e9rience de nos services techniques, nous permettent de r\u00e9pondre aux\u00a0demandes les plus exigeantes.<\/p>\n","protected":false},"excerpt":{"rendered":"<p>\u00ab\u00a0Transformation des Plastiques Hautes Performances\u00a0\u00bb\u00a0 Depuis plus de 30 ans, APLAST est\u00a0une entreprise familiale sp\u00e9cialis\u00e9e dans la transformation des mati\u00e8res Plastiques Hautes Performances : Thermoplastiques techniques: PEEK, PPSU, PEI, PES, PSU, PPE, PC&#8230; Thermoplastiques fluor\u00e9s: PFA, FEP, ETFE, ECTFE, PVDF, PCTFE&#8230; APLAST\u00a0a d\u00e9velopp\u00e9 un savoir-faire unique. Son proc\u00e9d\u00e9 de transformation appel\u00e9 \u00ab\u00a0EXTRUSION-COMPRESSION\u00a0\u00bb permet de proposer [&hellip;]<\/p>\n","protected":false},"author":1,"featured_media":0,"parent":31,"menu_order":10,"comment_status":"closed","ping_status":"closed","template":"","meta":{"_acf_changed":false,"footnotes":""},"class_list":["post-81","page","type-page","status-publish","hentry"],"acf":[],"_links":{"self":[{"href":"https:\/\/www.aplast.fr\/index.php\/wp-json\/wp\/v2\/pages\/81","targetHints":{"allow":["GET"]}}],"collection":[{"href":"https:\/\/www.aplast.fr\/index.php\/wp-json\/wp\/v2\/pages"}],"about":[{"href":"https:\/\/www.aplast.fr\/index.php\/wp-json\/wp\/v2\/types\/page"}],"author":[{"embeddable":true,"href":"https:\/\/www.aplast.fr\/index.php\/wp-json\/wp\/v2\/users\/1"}],"replies":[{"embeddable":true,"href":"https:\/\/www.aplast.fr\/index.php\/wp-json\/wp\/v2\/comments?post=81"}],"version-history":[{"count":49,"href":"https:\/\/www.aplast.fr\/index.php\/wp-json\/wp\/v2\/pages\/81\/revisions"}],"predecessor-version":[{"id":2150,"href":"https:\/\/www.aplast.fr\/index.php\/wp-json\/wp\/v2\/pages\/81\/revisions\/2150"}],"up":[{"embeddable":true,"href":"https:\/\/www.aplast.fr\/index.php\/wp-json\/wp\/v2\/pages\/31"}],"wp:attachment":[{"href":"https:\/\/www.aplast.fr\/index.php\/wp-json\/wp\/v2\/media?parent=81"}],"curies":[{"name":"wp","href":"https:\/\/api.w.org\/{rel}","templated":true}]}}