{"id":35,"date":"2015-10-01T13:53:46","date_gmt":"2015-10-01T13:53:46","guid":{"rendered":"http:\/\/www.someflu.fr\/?page_id=35"},"modified":"2023-07-21T14:15:52","modified_gmt":"2023-07-21T14:15:52","slug":"matieres","status":"publish","type":"page","link":"https:\/\/www.aplast.fr\/index.php\/produits\/matieres\/","title":{"rendered":"Mati\u00e8res"},"content":{"rendered":"<p>Pour acc\u00e9der \u00e0 une mati\u00e8re, cliquez sur le nom de la mati\u00e8re dans la pyramide des temp\u00e9ratures.<\/p>\n<div><div id=\"image-map-pro-a8f3f758-fad7-4325-b63a-27b72b377a96\"><\/div><\/div>\n","protected":false},"excerpt":{"rendered":"<p>Pour acc\u00e9der \u00e0 une mati\u00e8re, cliquez sur le nom de la mati\u00e8re dans la pyramide des temp\u00e9ratures.<\/p>\n","protected":false},"author":1,"featured_media":0,"parent":1278,"menu_order":0,"comment_status":"closed","ping_status":"closed","template":"page-produit-semi-fini.php","meta":{"_acf_changed":false,"footnotes":""},"class_list":["post-35","page","type-page","status-publish","hentry"],"acf":[],"_links":{"self":[{"href":"https:\/\/www.aplast.fr\/index.php\/wp-json\/wp\/v2\/pages\/35","targetHints":{"allow":["GET"]}}],"collection":[{"href":"https:\/\/www.aplast.fr\/index.php\/wp-json\/wp\/v2\/pages"}],"about":[{"href":"https:\/\/www.aplast.fr\/index.php\/wp-json\/wp\/v2\/types\/page"}],"author":[{"embeddable":true,"href":"https:\/\/www.aplast.fr\/index.php\/wp-json\/wp\/v2\/users\/1"}],"replies":[{"embeddable":true,"href":"https:\/\/www.aplast.fr\/index.php\/wp-json\/wp\/v2\/comments?post=35"}],"version-history":[{"count":31,"href":"https:\/\/www.aplast.fr\/index.php\/wp-json\/wp\/v2\/pages\/35\/revisions"}],"predecessor-version":[{"id":2415,"href":"https:\/\/www.aplast.fr\/index.php\/wp-json\/wp\/v2\/pages\/35\/revisions\/2415"}],"up":[{"embeddable":true,"href":"https:\/\/www.aplast.fr\/index.php\/wp-json\/wp\/v2\/pages\/1278"}],"wp:attachment":[{"href":"https:\/\/www.aplast.fr\/index.php\/wp-json\/wp\/v2\/media?parent=35"}],"curies":[{"name":"wp","href":"https:\/\/api.w.org\/{rel}","templated":true}]}}