{"id":317,"date":"2015-10-19T15:39:48","date_gmt":"2015-10-19T15:39:48","guid":{"rendered":"http:\/\/www.someflu.fr\/?page_id=317"},"modified":"2016-02-22T09:02:43","modified_gmt":"2016-02-22T09:02:43","slug":"notre-histoire","status":"publish","type":"page","link":"https:\/\/www.aplast.fr\/index.php\/entreprise\/notre-histoire\/","title":{"rendered":"Notre histoire"},"content":{"rendered":"<p style=\"text-align: justify;\"><span style=\"font-size: 18.6667px; line-height: 28px;\"><b>\u00ab\u00a0Depuis 1985&#8230;\u00a0\u00bb\u00a0<\/b><\/span><\/p>\n<p style=\"text-align: justify;\"><strong>1985 :<\/strong>\u00a0Cr\u00e9ation d&rsquo;APLAST SARL<\/p>\n<p style=\"text-align: justify;\"><strong>1985 &#8211; 1990:<\/strong><\/p>\n<ul style=\"text-align: justify;\">\n<li class=\"ariane-string\">Transformation des thermoplastiques fluor\u00e9s (PVDF, FEP, PFA, ECTFE, ETFE, PCTFE&#8230;)<\/li>\n<li class=\"ariane-string\">D\u00e9veloppement des thermoplastiques techniques (PSU, PES, PEI, PEEK&#8230;)<\/li>\n<li class=\"ariane-string\">Mise en place d\u2019un plan d\u2019assurance qualit\u00e9 RAQ3<\/li>\n<li class=\"ariane-string\">Obtention de l&rsquo;attestation RAQ2 (Premi\u00e8re entreprise fran\u00e7aise de moins de 10 personnes qualifi\u00e9e)<\/li>\n<\/ul>\n<p style=\"text-align: justify;\"><strong>1990 &#8211; 1995 :<\/strong><\/p>\n<ul style=\"text-align: justify;\">\n<li>Cr\u00e9ation d\u2019un d\u00e9partement injection plastique essentiellement d\u00e9di\u00e9 \u00e0 des d\u00e9veloppements a\u00e9ronautiques civils et militaires<\/li>\n<li class=\"ariane-string\">Extension de l\u2019usine (450m\u00b2 de surface utile suppl\u00e9mentaire)<\/li>\n<li class=\"ariane-string\">Fermeture du d\u00e9partement injection pour se recentrer sur notre c\u0153ur de m\u00e9tier, \u00e0 savoir la transformation des mati\u00e8res plastiques hautes performances par extrusion compression<\/li>\n<li class=\"ariane-string\">Mise en place d&rsquo;une nouvelle g\u00e9n\u00e9ration de r\u00e9gulateurs-programmateurs, acquisition de donn\u00e9es<\/li>\n<\/ul>\n<div id=\"ariane\">\n<p style=\"text-align: justify;\"><strong>1995 &#8211; 2000\u00a0:<\/strong><\/p>\n<ul style=\"text-align: justify;\">\n<li class=\"ariane-string\">D\u00e9veloppement de nouveaux outillages (Galet de diam\u00e8tre 980 mm, Polyfuseur diam 1000 mm)<\/li>\n<li class=\"ariane-string\">Investissement\u00a0dans une\u00a0presse 1000 T avec son mat\u00e9riel p\u00e9riph\u00e9rique<\/li>\n<li class=\"ariane-string\">Mise en place d\u2019un logiciel DAO 2D<\/li>\n<\/ul>\n<p style=\"text-align: justify;\"><strong>2000 &#8211; 2010\u00a0:<\/strong><\/p>\n<ul style=\"text-align: justify;\">\n<li class=\"ariane-string\">Int\u00e9gration dans le groupe SOMEFLU<\/li>\n<li class=\"ariane-string\">Acquisition\u00a0de nouvelles extrudeuses sp\u00e9cifiques et d&rsquo;un enregistreur de donn\u00e9es vid\u00e9o<\/li>\n<li class=\"ariane-string\">Etudes et mise au point d\u2019un proc\u00e9d\u00e9 permettant de polyfuser\u00a0du PFA et du\u00a0PEEK<\/li>\n<li class=\"ariane-string\">Mise en place d\u2019un logiciel 3D et int\u00e9gration d&rsquo;un\u00a0E.R.P<\/li>\n<\/ul>\n<p style=\"text-align: justify;\"><strong>2010 &#8211; 2015 :<\/strong><\/p>\n<ul>\n<li class=\"ariane-string\" style=\"text-align: justify;\">Installation\u00a0d\u2019un syst\u00e8me de refroidissement d\u2019eau en circuit ferm\u00e9<\/li>\n<li class=\"ariane-string\" style=\"text-align: justify;\">Acquisition d\u2019un dessiccateur, d&rsquo;une extrudeuse et d&rsquo;un nouvel enregistreur de donn\u00e9es vid\u00e9o<\/li>\n<li class=\"ariane-string\" style=\"text-align: justify;\">Investissement\u00a0dans une presse 600T avec son mat\u00e9riel p\u00e9riph\u00e9rique<\/li>\n<li class=\"ariane-string\" style=\"text-align: justify;\">D\u00e9veloppement de nouveaux outillages<\/li>\n<\/ul>\n<\/div>\n","protected":false},"excerpt":{"rendered":"<p>\u00ab\u00a0Depuis 1985&#8230;\u00a0\u00bb\u00a0 1985 :\u00a0Cr\u00e9ation d&rsquo;APLAST SARL 1985 &#8211; 1990: Transformation des thermoplastiques fluor\u00e9s (PVDF, FEP, PFA, ECTFE, ETFE, PCTFE&#8230;) D\u00e9veloppement des thermoplastiques techniques (PSU, PES, PEI, PEEK&#8230;) Mise en place d\u2019un plan d\u2019assurance qualit\u00e9 RAQ3 Obtention de l&rsquo;attestation RAQ2 (Premi\u00e8re entreprise fran\u00e7aise de moins de 10 personnes qualifi\u00e9e) 1990 &#8211; 1995 : Cr\u00e9ation d\u2019un d\u00e9partement [&hellip;]<\/p>\n","protected":false},"author":1,"featured_media":0,"parent":31,"menu_order":20,"comment_status":"closed","ping_status":"closed","template":"","meta":{"_acf_changed":false,"footnotes":""},"class_list":["post-317","page","type-page","status-publish","hentry"],"acf":[],"_links":{"self":[{"href":"https:\/\/www.aplast.fr\/index.php\/wp-json\/wp\/v2\/pages\/317","targetHints":{"allow":["GET"]}}],"collection":[{"href":"https:\/\/www.aplast.fr\/index.php\/wp-json\/wp\/v2\/pages"}],"about":[{"href":"https:\/\/www.aplast.fr\/index.php\/wp-json\/wp\/v2\/types\/page"}],"author":[{"embeddable":true,"href":"https:\/\/www.aplast.fr\/index.php\/wp-json\/wp\/v2\/users\/1"}],"replies":[{"embeddable":true,"href":"https:\/\/www.aplast.fr\/index.php\/wp-json\/wp\/v2\/comments?post=317"}],"version-history":[{"count":61,"href":"https:\/\/www.aplast.fr\/index.php\/wp-json\/wp\/v2\/pages\/317\/revisions"}],"predecessor-version":[{"id":2055,"href":"https:\/\/www.aplast.fr\/index.php\/wp-json\/wp\/v2\/pages\/317\/revisions\/2055"}],"up":[{"embeddable":true,"href":"https:\/\/www.aplast.fr\/index.php\/wp-json\/wp\/v2\/pages\/31"}],"wp:attachment":[{"href":"https:\/\/www.aplast.fr\/index.php\/wp-json\/wp\/v2\/media?parent=317"}],"curies":[{"name":"wp","href":"https:\/\/api.w.org\/{rel}","templated":true}]}}