{"id":1727,"date":"2016-02-08T07:59:04","date_gmt":"2016-02-08T07:59:04","guid":{"rendered":"http:\/\/www.aplast.fr\/?page_id=1727"},"modified":"2016-02-10T16:04:42","modified_gmt":"2016-02-10T16:04:42","slug":"pekk","status":"publish","type":"page","link":"https:\/\/www.aplast.fr\/index.php\/produits\/matieres\/pekk\/","title":{"rendered":"PEKK"},"content":{"rendered":"<p>Le <strong>PolyEtherKetoneKetone<\/strong> est un thermoplastique semi-cristallin. Le <strong>PEKK<\/strong> est dot\u00e9 d&rsquo;un point de fusion \u00e9lev\u00e9 et poss\u00e8de une excellente r\u00e9sistance aux agressions chimiques. Le <strong>PEKK<\/strong> ouvre des perspectives dans des domaines tr\u00e8s exigeants, o\u00f9 il peut se substituer \u00e0 certains \u00e9l\u00e9ments m\u00e9talliques pour gagner en l\u00e9g\u00e8ret\u00e9.<\/p>\n<p>N&rsquo;h\u00e9sitez pas \u00e0 nous contacter pour conna\u00eetre tous nos grades. Voici une liste non exhaustive de nos grades de <b>PEKK<\/b>\u00a0:<\/p>\n","protected":false},"excerpt":{"rendered":"<p>Le PolyEtherKetoneKetone est un thermoplastique semi-cristallin. Le PEKK est dot\u00e9 d&rsquo;un point de fusion \u00e9lev\u00e9 et poss\u00e8de une excellente r\u00e9sistance aux agressions chimiques. Le PEKK ouvre des perspectives dans des domaines tr\u00e8s exigeants, o\u00f9 il peut se substituer \u00e0 certains \u00e9l\u00e9ments m\u00e9talliques pour gagner en l\u00e9g\u00e8ret\u00e9. N&rsquo;h\u00e9sitez pas \u00e0 nous contacter pour conna\u00eetre tous nos [&hellip;]<\/p>\n","protected":false},"author":1,"featured_media":0,"parent":35,"menu_order":0,"comment_status":"closed","ping_status":"closed","template":"page-produit.php","meta":{"_acf_changed":false,"footnotes":""},"class_list":["post-1727","page","type-page","status-publish","hentry"],"acf":[],"_links":{"self":[{"href":"https:\/\/www.aplast.fr\/index.php\/wp-json\/wp\/v2\/pages\/1727","targetHints":{"allow":["GET"]}}],"collection":[{"href":"https:\/\/www.aplast.fr\/index.php\/wp-json\/wp\/v2\/pages"}],"about":[{"href":"https:\/\/www.aplast.fr\/index.php\/wp-json\/wp\/v2\/types\/page"}],"author":[{"embeddable":true,"href":"https:\/\/www.aplast.fr\/index.php\/wp-json\/wp\/v2\/users\/1"}],"replies":[{"embeddable":true,"href":"https:\/\/www.aplast.fr\/index.php\/wp-json\/wp\/v2\/comments?post=1727"}],"version-history":[{"count":7,"href":"https:\/\/www.aplast.fr\/index.php\/wp-json\/wp\/v2\/pages\/1727\/revisions"}],"predecessor-version":[{"id":1913,"href":"https:\/\/www.aplast.fr\/index.php\/wp-json\/wp\/v2\/pages\/1727\/revisions\/1913"}],"up":[{"embeddable":true,"href":"https:\/\/www.aplast.fr\/index.php\/wp-json\/wp\/v2\/pages\/35"}],"wp:attachment":[{"href":"https:\/\/www.aplast.fr\/index.php\/wp-json\/wp\/v2\/media?parent=1727"}],"curies":[{"name":"wp","href":"https:\/\/api.w.org\/{rel}","templated":true}]}}