{"id":1723,"date":"2016-02-08T07:48:41","date_gmt":"2016-02-08T07:48:41","guid":{"rendered":"http:\/\/www.aplast.fr\/?page_id=1723"},"modified":"2016-02-10T16:05:14","modified_gmt":"2016-02-10T16:05:14","slug":"pekekk","status":"publish","type":"page","link":"https:\/\/www.aplast.fr\/index.php\/produits\/matieres\/pekekk\/","title":{"rendered":"PEKEKK"},"content":{"rendered":"<p>Le <strong>PolyEtherKetoneEtherKetoneKetone<\/strong> est un thermoplastique semi-cristallin. Il r\u00e9pond \u00e0 des applications d&rsquo;un besoin de r\u00e9sistance accrue dans des temp\u00e9ratures \u00e9lev\u00e9es. Le <strong>PEKEKK<\/strong> a une excellente r\u00e9sistance \u00e0 l&rsquo;usure, faible coefficient de frottement et une faible dilatation thermique. Chimiquement, il r\u00e9siste aux environnements les plus agressifs.<\/p>\n<p>N&rsquo;h\u00e9sitez pas \u00e0 nous contacter pour conna\u00eetre tous nos grades. Voici une liste non exhaustive de nos grades de <b>PEKEKK<\/b>\u00a0:<\/p>\n","protected":false},"excerpt":{"rendered":"<p>Le PolyEtherKetoneEtherKetoneKetone est un thermoplastique semi-cristallin. Il r\u00e9pond \u00e0 des applications d&rsquo;un besoin de r\u00e9sistance accrue dans des temp\u00e9ratures \u00e9lev\u00e9es. Le PEKEKK a une excellente r\u00e9sistance \u00e0 l&rsquo;usure, faible coefficient de frottement et une faible dilatation thermique. Chimiquement, il r\u00e9siste aux environnements les plus agressifs. N&rsquo;h\u00e9sitez pas \u00e0 nous contacter pour conna\u00eetre tous nos grades. [&hellip;]<\/p>\n","protected":false},"author":1,"featured_media":0,"parent":35,"menu_order":0,"comment_status":"closed","ping_status":"closed","template":"page-produit.php","meta":{"_acf_changed":false,"footnotes":""},"class_list":["post-1723","page","type-page","status-publish","hentry"],"acf":[],"_links":{"self":[{"href":"https:\/\/www.aplast.fr\/index.php\/wp-json\/wp\/v2\/pages\/1723","targetHints":{"allow":["GET"]}}],"collection":[{"href":"https:\/\/www.aplast.fr\/index.php\/wp-json\/wp\/v2\/pages"}],"about":[{"href":"https:\/\/www.aplast.fr\/index.php\/wp-json\/wp\/v2\/types\/page"}],"author":[{"embeddable":true,"href":"https:\/\/www.aplast.fr\/index.php\/wp-json\/wp\/v2\/users\/1"}],"replies":[{"embeddable":true,"href":"https:\/\/www.aplast.fr\/index.php\/wp-json\/wp\/v2\/comments?post=1723"}],"version-history":[{"count":7,"href":"https:\/\/www.aplast.fr\/index.php\/wp-json\/wp\/v2\/pages\/1723\/revisions"}],"predecessor-version":[{"id":1914,"href":"https:\/\/www.aplast.fr\/index.php\/wp-json\/wp\/v2\/pages\/1723\/revisions\/1914"}],"up":[{"embeddable":true,"href":"https:\/\/www.aplast.fr\/index.php\/wp-json\/wp\/v2\/pages\/35"}],"wp:attachment":[{"href":"https:\/\/www.aplast.fr\/index.php\/wp-json\/wp\/v2\/media?parent=1723"}],"curies":[{"name":"wp","href":"https:\/\/api.w.org\/{rel}","templated":true}]}}