{"id":1622,"date":"2016-02-05T16:38:16","date_gmt":"2016-02-05T16:38:16","guid":{"rendered":"http:\/\/www.aplast.fr\/?page_id=1622"},"modified":"2016-02-10T16:05:38","modified_gmt":"2016-02-10T16:05:38","slug":"tpx-2","status":"publish","type":"page","link":"https:\/\/www.aplast.fr\/index.php\/produits\/matieres\/tpx-2\/","title":{"rendered":"PMP"},"content":{"rendered":"<p>Le <strong>PolyMethylPentene<\/strong> est un thermoplastique semi-cristallin. Le <strong>PMP<\/strong>, appel\u00e9 \u00e9galement <strong>TPX<\/strong>, est transparent \u00e0 temp\u00e9rature ambiante et tr\u00e8s perm\u00e9able au gaz. Sa r\u00e9sistance au rayon UltraViolet est tr\u00e8s mauvaise. Le <strong>PMP<\/strong> est autoclavable \u00e0 135\u00b0C et r\u00e9siste pendant une courte dur\u00e9e \u00e0 175\u00b0C (en fonction des grades).<\/p>\n<p>N&rsquo;h\u00e9sitez pas \u00e0 nous contacter pour conna\u00eetre tous nos grades. Voici une liste non exhaustive de nos grades de <b>PMP<\/b>\u00a0:<\/p>\n","protected":false},"excerpt":{"rendered":"<p>Le PolyMethylPentene est un thermoplastique semi-cristallin. Le PMP, appel\u00e9 \u00e9galement TPX, est transparent \u00e0 temp\u00e9rature ambiante et tr\u00e8s perm\u00e9able au gaz. Sa r\u00e9sistance au rayon UltraViolet est tr\u00e8s mauvaise. Le PMP est autoclavable \u00e0 135\u00b0C et r\u00e9siste pendant une courte dur\u00e9e \u00e0 175\u00b0C (en fonction des grades). N&rsquo;h\u00e9sitez pas \u00e0 nous contacter pour conna\u00eetre tous [&hellip;]<\/p>\n","protected":false},"author":1,"featured_media":0,"parent":35,"menu_order":0,"comment_status":"closed","ping_status":"closed","template":"page-produit.php","meta":{"_acf_changed":false,"footnotes":""},"class_list":["post-1622","page","type-page","status-publish","hentry"],"acf":[],"_links":{"self":[{"href":"https:\/\/www.aplast.fr\/index.php\/wp-json\/wp\/v2\/pages\/1622","targetHints":{"allow":["GET"]}}],"collection":[{"href":"https:\/\/www.aplast.fr\/index.php\/wp-json\/wp\/v2\/pages"}],"about":[{"href":"https:\/\/www.aplast.fr\/index.php\/wp-json\/wp\/v2\/types\/page"}],"author":[{"embeddable":true,"href":"https:\/\/www.aplast.fr\/index.php\/wp-json\/wp\/v2\/users\/1"}],"replies":[{"embeddable":true,"href":"https:\/\/www.aplast.fr\/index.php\/wp-json\/wp\/v2\/comments?post=1622"}],"version-history":[{"count":8,"href":"https:\/\/www.aplast.fr\/index.php\/wp-json\/wp\/v2\/pages\/1622\/revisions"}],"predecessor-version":[{"id":1915,"href":"https:\/\/www.aplast.fr\/index.php\/wp-json\/wp\/v2\/pages\/1622\/revisions\/1915"}],"up":[{"embeddable":true,"href":"https:\/\/www.aplast.fr\/index.php\/wp-json\/wp\/v2\/pages\/35"}],"wp:attachment":[{"href":"https:\/\/www.aplast.fr\/index.php\/wp-json\/wp\/v2\/media?parent=1622"}],"curies":[{"name":"wp","href":"https:\/\/api.w.org\/{rel}","templated":true}]}}