{"id":1620,"date":"2016-02-05T16:38:02","date_gmt":"2016-02-05T16:38:02","guid":{"rendered":"http:\/\/www.aplast.fr\/?page_id=1620"},"modified":"2016-02-10T16:06:10","modified_gmt":"2016-02-10T16:06:10","slug":"coc-2","status":"publish","type":"page","link":"https:\/\/www.aplast.fr\/index.php\/produits\/matieres\/coc-2\/","title":{"rendered":"COC"},"content":{"rendered":"<p>Le <strong>Copolym\u00e8re Ol\u00e9fine Cyclique<\/strong> est un thermoplastique amorphe. Le <strong>COC<\/strong> est utilis\u00e9 dans de nombreuses applications de la vie courante (bouteille, lentille, \u00e9cran&#8230;). Le <strong>COC<\/strong> s&rsquo;est d\u00e9velopp\u00e9 pour \u00eatre pr\u00e9sent dans des applications m\u00e9dicales. Les propri\u00e9t\u00e9s optiques du <strong>COC<\/strong> sont exceptionnelles. Il a \u00e9galement une tr\u00e8s bonne r\u00e9sistance \u00e0 la chaleur. L&rsquo;insensibilit\u00e9 \u00e0 l&rsquo;humidit\u00e9 du <strong>COC<\/strong> est souvent un avantage par rapport au PC.<\/p>\n<p>N&rsquo;h\u00e9sitez pas \u00e0 nous contacter pour conna\u00eetre tous nos grades. Voici une liste non exhaustive de nos grades de <b>COC<\/b>\u00a0:<\/p>\n","protected":false},"excerpt":{"rendered":"<p>Le Copolym\u00e8re Ol\u00e9fine Cyclique est un thermoplastique amorphe. Le COC est utilis\u00e9 dans de nombreuses applications de la vie courante (bouteille, lentille, \u00e9cran&#8230;). Le COC s&rsquo;est d\u00e9velopp\u00e9 pour \u00eatre pr\u00e9sent dans des applications m\u00e9dicales. Les propri\u00e9t\u00e9s optiques du COC sont exceptionnelles. Il a \u00e9galement une tr\u00e8s bonne r\u00e9sistance \u00e0 la chaleur. L&rsquo;insensibilit\u00e9 \u00e0 l&rsquo;humidit\u00e9 du [&hellip;]<\/p>\n","protected":false},"author":1,"featured_media":0,"parent":35,"menu_order":0,"comment_status":"closed","ping_status":"closed","template":"page-produit.php","meta":{"_acf_changed":false,"footnotes":""},"class_list":["post-1620","page","type-page","status-publish","hentry"],"acf":[],"_links":{"self":[{"href":"https:\/\/www.aplast.fr\/index.php\/wp-json\/wp\/v2\/pages\/1620","targetHints":{"allow":["GET"]}}],"collection":[{"href":"https:\/\/www.aplast.fr\/index.php\/wp-json\/wp\/v2\/pages"}],"about":[{"href":"https:\/\/www.aplast.fr\/index.php\/wp-json\/wp\/v2\/types\/page"}],"author":[{"embeddable":true,"href":"https:\/\/www.aplast.fr\/index.php\/wp-json\/wp\/v2\/users\/1"}],"replies":[{"embeddable":true,"href":"https:\/\/www.aplast.fr\/index.php\/wp-json\/wp\/v2\/comments?post=1620"}],"version-history":[{"count":9,"href":"https:\/\/www.aplast.fr\/index.php\/wp-json\/wp\/v2\/pages\/1620\/revisions"}],"predecessor-version":[{"id":1916,"href":"https:\/\/www.aplast.fr\/index.php\/wp-json\/wp\/v2\/pages\/1620\/revisions\/1916"}],"up":[{"embeddable":true,"href":"https:\/\/www.aplast.fr\/index.php\/wp-json\/wp\/v2\/pages\/35"}],"wp:attachment":[{"href":"https:\/\/www.aplast.fr\/index.php\/wp-json\/wp\/v2\/media?parent=1620"}],"curies":[{"name":"wp","href":"https:\/\/api.w.org\/{rel}","templated":true}]}}