{"id":1618,"date":"2016-02-05T16:37:50","date_gmt":"2016-02-05T16:37:50","guid":{"rendered":"http:\/\/www.aplast.fr\/?page_id=1618"},"modified":"2016-02-15T15:28:06","modified_gmt":"2016-02-15T15:28:06","slug":"pek","status":"publish","type":"page","link":"https:\/\/www.aplast.fr\/index.php\/produits\/matieres\/pek\/","title":{"rendered":"PEK"},"content":{"rendered":"<p>Le <strong>PolyEtherKetone<\/strong> est thermoplastique\u00a0haute temp\u00e9rature. Le <strong>PEK<\/strong> permet de r\u00e9pondre \u00e0 des applications demandant des caract\u00e9ristiques thermiques plus exigeantes que\u00a0celles du PEEK. Ces nouveaux grades ont \u00e9largis le spectre de performance dans les environnements difficiles.<\/p>\n<p>N&rsquo;h\u00e9sitez pas \u00e0 nous contacter pour conna\u00eetre tous nos grades. Voici une liste non exhaustive de nos grades de <b>PEK<\/b>\u00a0:<\/p>\n","protected":false},"excerpt":{"rendered":"<p>Le PolyEtherKetone est thermoplastique\u00a0haute temp\u00e9rature. Le PEK permet de r\u00e9pondre \u00e0 des applications demandant des caract\u00e9ristiques thermiques plus exigeantes que\u00a0celles du PEEK. Ces nouveaux grades ont \u00e9largis le spectre de performance dans les environnements difficiles. N&rsquo;h\u00e9sitez pas \u00e0 nous contacter pour conna\u00eetre tous nos grades. Voici une liste non exhaustive de nos grades de PEK\u00a0:<\/p>\n","protected":false},"author":1,"featured_media":0,"parent":35,"menu_order":0,"comment_status":"closed","ping_status":"closed","template":"page-produit.php","meta":{"_acf_changed":false,"footnotes":""},"class_list":["post-1618","page","type-page","status-publish","hentry"],"acf":[],"_links":{"self":[{"href":"https:\/\/www.aplast.fr\/index.php\/wp-json\/wp\/v2\/pages\/1618","targetHints":{"allow":["GET"]}}],"collection":[{"href":"https:\/\/www.aplast.fr\/index.php\/wp-json\/wp\/v2\/pages"}],"about":[{"href":"https:\/\/www.aplast.fr\/index.php\/wp-json\/wp\/v2\/types\/page"}],"author":[{"embeddable":true,"href":"https:\/\/www.aplast.fr\/index.php\/wp-json\/wp\/v2\/users\/1"}],"replies":[{"embeddable":true,"href":"https:\/\/www.aplast.fr\/index.php\/wp-json\/wp\/v2\/comments?post=1618"}],"version-history":[{"count":7,"href":"https:\/\/www.aplast.fr\/index.php\/wp-json\/wp\/v2\/pages\/1618\/revisions"}],"predecessor-version":[{"id":2005,"href":"https:\/\/www.aplast.fr\/index.php\/wp-json\/wp\/v2\/pages\/1618\/revisions\/2005"}],"up":[{"embeddable":true,"href":"https:\/\/www.aplast.fr\/index.php\/wp-json\/wp\/v2\/pages\/35"}],"wp:attachment":[{"href":"https:\/\/www.aplast.fr\/index.php\/wp-json\/wp\/v2\/media?parent=1618"}],"curies":[{"name":"wp","href":"https:\/\/api.w.org\/{rel}","templated":true}]}}