{"id":1614,"date":"2016-02-05T16:36:01","date_gmt":"2016-02-05T16:36:01","guid":{"rendered":"http:\/\/www.aplast.fr\/?page_id=1614"},"modified":"2016-02-15T15:26:13","modified_gmt":"2016-02-15T15:26:13","slug":"pes-2","status":"publish","type":"page","link":"https:\/\/www.aplast.fr\/index.php\/produits\/matieres\/pes-2\/","title":{"rendered":"PES"},"content":{"rendered":"<p>Le <strong>PolyEtherSulfone<\/strong> est un thermoplastique amorphe. Le <strong>PES<\/strong> poss\u00e8de une excellente r\u00e9sistance au fluage, une bonne r\u00e9sistance aux chocs et aux rayonnements (B\u00eata, Gamma, Rayons X&#8230;). Le <strong>PES<\/strong> r\u00e9pond \u00e0 la norme FAR en raison du faible d\u00e9gagement de fum\u00e9es. Il a le classement UL94V0, que notre proc\u00e9d\u00e9 de transformation conserve.<\/p>\n<p>N&rsquo;h\u00e9sitez pas \u00e0 nous contacter pour conna\u00eetre tous nos grades. Voici une liste non exhaustive de nos grades de <b>PES\u00a0<\/b>:<\/p>\n","protected":false},"excerpt":{"rendered":"<p>Le PolyEtherSulfone est un thermoplastique amorphe. Le PES poss\u00e8de une excellente r\u00e9sistance au fluage, une bonne r\u00e9sistance aux chocs et aux rayonnements (B\u00eata, Gamma, Rayons X&#8230;). Le PES r\u00e9pond \u00e0 la norme FAR en raison du faible d\u00e9gagement de fum\u00e9es. Il a le classement UL94V0, que notre proc\u00e9d\u00e9 de transformation conserve. N&rsquo;h\u00e9sitez pas \u00e0 nous [&hellip;]<\/p>\n","protected":false},"author":1,"featured_media":0,"parent":35,"menu_order":0,"comment_status":"closed","ping_status":"closed","template":"page-produit.php","meta":{"_acf_changed":false,"footnotes":""},"class_list":["post-1614","page","type-page","status-publish","hentry"],"acf":[],"_links":{"self":[{"href":"https:\/\/www.aplast.fr\/index.php\/wp-json\/wp\/v2\/pages\/1614","targetHints":{"allow":["GET"]}}],"collection":[{"href":"https:\/\/www.aplast.fr\/index.php\/wp-json\/wp\/v2\/pages"}],"about":[{"href":"https:\/\/www.aplast.fr\/index.php\/wp-json\/wp\/v2\/types\/page"}],"author":[{"embeddable":true,"href":"https:\/\/www.aplast.fr\/index.php\/wp-json\/wp\/v2\/users\/1"}],"replies":[{"embeddable":true,"href":"https:\/\/www.aplast.fr\/index.php\/wp-json\/wp\/v2\/comments?post=1614"}],"version-history":[{"count":8,"href":"https:\/\/www.aplast.fr\/index.php\/wp-json\/wp\/v2\/pages\/1614\/revisions"}],"predecessor-version":[{"id":2003,"href":"https:\/\/www.aplast.fr\/index.php\/wp-json\/wp\/v2\/pages\/1614\/revisions\/2003"}],"up":[{"embeddable":true,"href":"https:\/\/www.aplast.fr\/index.php\/wp-json\/wp\/v2\/pages\/35"}],"wp:attachment":[{"href":"https:\/\/www.aplast.fr\/index.php\/wp-json\/wp\/v2\/media?parent=1614"}],"curies":[{"name":"wp","href":"https:\/\/api.w.org\/{rel}","templated":true}]}}