{"id":1612,"date":"2016-02-05T16:35:39","date_gmt":"2016-02-05T16:35:39","guid":{"rendered":"http:\/\/www.aplast.fr\/?page_id=1612"},"modified":"2016-02-15T15:25:34","modified_gmt":"2016-02-15T15:25:34","slug":"psu-2","status":"publish","type":"page","link":"https:\/\/www.aplast.fr\/index.php\/produits\/matieres\/psu-2\/","title":{"rendered":"PSU"},"content":{"rendered":"<p>Le <strong>PolySUlfone<\/strong> est un thermoplastique amorphe. Le <strong>PSU<\/strong> est un plastique translucide qui offre une r\u00e9sistance thermique \u00e9lev\u00e9e et une meilleure stabilit\u00e9 \u00e0 l&rsquo;hydrolyse que le Polycarbonate. Il conserve ses bonnes propri\u00e9t\u00e9s m\u00e9caniques lorsqu&rsquo;ils sont expos\u00e9s \u00e0 la vapeur et d&rsquo;autres techniques de st\u00e9rilisations. Le <strong>PSU<\/strong> excelle dans de nombreuses applications de traitement des fluides. Il pr\u00e9sente un faible fluage sous une charge soutenue \u00e0 des temp\u00e9ratures \u00e9lev\u00e9es et peut r\u00e9sister \u00e0 une exposition continue \u00e0 l&rsquo;eau chlor\u00e9e chaude.<\/p>\n<p>N&rsquo;h\u00e9sitez pas \u00e0 nous contacter pour conna\u00eetre tous nos grades. Voici une liste non exhaustive de nos grades de <b>PSU\u00a0<\/b>:<\/p>\n","protected":false},"excerpt":{"rendered":"<p>Le PolySUlfone est un thermoplastique amorphe. Le PSU est un plastique translucide qui offre une r\u00e9sistance thermique \u00e9lev\u00e9e et une meilleure stabilit\u00e9 \u00e0 l&rsquo;hydrolyse que le Polycarbonate. Il conserve ses bonnes propri\u00e9t\u00e9s m\u00e9caniques lorsqu&rsquo;ils sont expos\u00e9s \u00e0 la vapeur et d&rsquo;autres techniques de st\u00e9rilisations. Le PSU excelle dans de nombreuses applications de traitement des fluides. [&hellip;]<\/p>\n","protected":false},"author":1,"featured_media":0,"parent":35,"menu_order":0,"comment_status":"closed","ping_status":"closed","template":"page-produit.php","meta":{"_acf_changed":false,"footnotes":""},"class_list":["post-1612","page","type-page","status-publish","hentry"],"acf":[],"_links":{"self":[{"href":"https:\/\/www.aplast.fr\/index.php\/wp-json\/wp\/v2\/pages\/1612","targetHints":{"allow":["GET"]}}],"collection":[{"href":"https:\/\/www.aplast.fr\/index.php\/wp-json\/wp\/v2\/pages"}],"about":[{"href":"https:\/\/www.aplast.fr\/index.php\/wp-json\/wp\/v2\/types\/page"}],"author":[{"embeddable":true,"href":"https:\/\/www.aplast.fr\/index.php\/wp-json\/wp\/v2\/users\/1"}],"replies":[{"embeddable":true,"href":"https:\/\/www.aplast.fr\/index.php\/wp-json\/wp\/v2\/comments?post=1612"}],"version-history":[{"count":8,"href":"https:\/\/www.aplast.fr\/index.php\/wp-json\/wp\/v2\/pages\/1612\/revisions"}],"predecessor-version":[{"id":2002,"href":"https:\/\/www.aplast.fr\/index.php\/wp-json\/wp\/v2\/pages\/1612\/revisions\/2002"}],"up":[{"embeddable":true,"href":"https:\/\/www.aplast.fr\/index.php\/wp-json\/wp\/v2\/pages\/35"}],"wp:attachment":[{"href":"https:\/\/www.aplast.fr\/index.php\/wp-json\/wp\/v2\/media?parent=1612"}],"curies":[{"name":"wp","href":"https:\/\/api.w.org\/{rel}","templated":true}]}}