{"id":1610,"date":"2016-02-05T16:35:18","date_gmt":"2016-02-05T16:35:18","guid":{"rendered":"http:\/\/www.aplast.fr\/?page_id=1610"},"modified":"2016-02-10T16:08:18","modified_gmt":"2016-02-10T16:08:18","slug":"ppsu-2","status":"publish","type":"page","link":"https:\/\/www.aplast.fr\/index.php\/produits\/matieres\/ppsu-2\/","title":{"rendered":"PPSU"},"content":{"rendered":"<p>Le <strong>PolyPhenilSUflone<\/strong> est un thermoplastique amorphe. Le <strong>PPSU<\/strong> poss\u00e8de une tr\u00e8s bonne r\u00e9sistance aux chocs m\u00eame \u00e0 basses temp\u00e9ratures. Il poss\u00e8de \u00e9galement une tr\u00e8s bonne r\u00e9sistance aux rayonnements (Gamma, B\u00eata, Rayons X et infrarouges). Le <strong>PPSU<\/strong> r\u00e9pond \u00e0 de nombreuses applications m\u00e9dicales et\u00a0environnementales (Plasma).<\/p>\n<p>N&rsquo;h\u00e9sitez pas \u00e0 nous contacter pour conna\u00eetre tous nos grades. Voici une liste non exhaustive de nos grades de <b>PPSU<\/b>\u00a0:<\/p>\n","protected":false},"excerpt":{"rendered":"<p>Le PolyPhenilSUflone est un thermoplastique amorphe. Le PPSU poss\u00e8de une tr\u00e8s bonne r\u00e9sistance aux chocs m\u00eame \u00e0 basses temp\u00e9ratures. Il poss\u00e8de \u00e9galement une tr\u00e8s bonne r\u00e9sistance aux rayonnements (Gamma, B\u00eata, Rayons X et infrarouges). Le PPSU r\u00e9pond \u00e0 de nombreuses applications m\u00e9dicales et\u00a0environnementales (Plasma). N&rsquo;h\u00e9sitez pas \u00e0 nous contacter pour conna\u00eetre tous nos grades. Voici [&hellip;]<\/p>\n","protected":false},"author":1,"featured_media":0,"parent":35,"menu_order":0,"comment_status":"closed","ping_status":"closed","template":"page-produit.php","meta":{"_acf_changed":false,"footnotes":""},"class_list":["post-1610","page","type-page","status-publish","hentry"],"acf":[],"_links":{"self":[{"href":"https:\/\/www.aplast.fr\/index.php\/wp-json\/wp\/v2\/pages\/1610","targetHints":{"allow":["GET"]}}],"collection":[{"href":"https:\/\/www.aplast.fr\/index.php\/wp-json\/wp\/v2\/pages"}],"about":[{"href":"https:\/\/www.aplast.fr\/index.php\/wp-json\/wp\/v2\/types\/page"}],"author":[{"embeddable":true,"href":"https:\/\/www.aplast.fr\/index.php\/wp-json\/wp\/v2\/users\/1"}],"replies":[{"embeddable":true,"href":"https:\/\/www.aplast.fr\/index.php\/wp-json\/wp\/v2\/comments?post=1610"}],"version-history":[{"count":11,"href":"https:\/\/www.aplast.fr\/index.php\/wp-json\/wp\/v2\/pages\/1610\/revisions"}],"predecessor-version":[{"id":1920,"href":"https:\/\/www.aplast.fr\/index.php\/wp-json\/wp\/v2\/pages\/1610\/revisions\/1920"}],"up":[{"embeddable":true,"href":"https:\/\/www.aplast.fr\/index.php\/wp-json\/wp\/v2\/pages\/35"}],"wp:attachment":[{"href":"https:\/\/www.aplast.fr\/index.php\/wp-json\/wp\/v2\/media?parent=1610"}],"curies":[{"name":"wp","href":"https:\/\/api.w.org\/{rel}","templated":true}]}}