{"id":1608,"date":"2016-02-05T16:35:06","date_gmt":"2016-02-05T16:35:06","guid":{"rendered":"http:\/\/www.aplast.fr\/?page_id=1608"},"modified":"2016-03-07T08:46:25","modified_gmt":"2016-03-07T08:46:25","slug":"pps-2","status":"publish","type":"page","link":"https:\/\/www.aplast.fr\/index.php\/produits\/matieres\/pps-2\/","title":{"rendered":"PPS"},"content":{"rendered":"<p>Le <strong>PolyPhenylene de Sulfure<\/strong> est un thermoplastique semi-cristallin. Le <strong>PPS<\/strong> offre une combinaison unique de propri\u00e9t\u00e9s et un excellent rapport co\u00fbt\/performance. Le<strong> PPS<\/strong> pr\u00e9sente une tr\u00e8s forte r\u00e9sistance thermique, chimique et au fluage \u00e0 haute temp\u00e9rature.<\/p>\n<p>N&rsquo;h\u00e9sitez pas \u00e0 nous contacter pour conna\u00eetre tous nos grades. Voici une liste non exhaustive de nos grades de <b>PPS<\/b>\u00a0:<\/p>\n","protected":false},"excerpt":{"rendered":"<p>Le PolyPhenylene de Sulfure est un thermoplastique semi-cristallin. Le PPS offre une combinaison unique de propri\u00e9t\u00e9s et un excellent rapport co\u00fbt\/performance. Le PPS pr\u00e9sente une tr\u00e8s forte r\u00e9sistance thermique, chimique et au fluage \u00e0 haute temp\u00e9rature. N&rsquo;h\u00e9sitez pas \u00e0 nous contacter pour conna\u00eetre tous nos grades. Voici une liste non exhaustive de nos grades de [&hellip;]<\/p>\n","protected":false},"author":1,"featured_media":0,"parent":35,"menu_order":0,"comment_status":"closed","ping_status":"closed","template":"page-produit.php","meta":{"_acf_changed":false,"footnotes":""},"class_list":["post-1608","page","type-page","status-publish","hentry"],"acf":[],"_links":{"self":[{"href":"https:\/\/www.aplast.fr\/index.php\/wp-json\/wp\/v2\/pages\/1608","targetHints":{"allow":["GET"]}}],"collection":[{"href":"https:\/\/www.aplast.fr\/index.php\/wp-json\/wp\/v2\/pages"}],"about":[{"href":"https:\/\/www.aplast.fr\/index.php\/wp-json\/wp\/v2\/types\/page"}],"author":[{"embeddable":true,"href":"https:\/\/www.aplast.fr\/index.php\/wp-json\/wp\/v2\/users\/1"}],"replies":[{"embeddable":true,"href":"https:\/\/www.aplast.fr\/index.php\/wp-json\/wp\/v2\/comments?post=1608"}],"version-history":[{"count":12,"href":"https:\/\/www.aplast.fr\/index.php\/wp-json\/wp\/v2\/pages\/1608\/revisions"}],"predecessor-version":[{"id":2149,"href":"https:\/\/www.aplast.fr\/index.php\/wp-json\/wp\/v2\/pages\/1608\/revisions\/2149"}],"up":[{"embeddable":true,"href":"https:\/\/www.aplast.fr\/index.php\/wp-json\/wp\/v2\/pages\/35"}],"wp:attachment":[{"href":"https:\/\/www.aplast.fr\/index.php\/wp-json\/wp\/v2\/media?parent=1608"}],"curies":[{"name":"wp","href":"https:\/\/api.w.org\/{rel}","templated":true}]}}