{"id":1602,"date":"2016-02-05T16:34:07","date_gmt":"2016-02-05T16:34:07","guid":{"rendered":"http:\/\/www.aplast.fr\/?page_id=1602"},"modified":"2016-02-10T16:04:09","modified_gmt":"2016-02-10T16:04:09","slug":"fep","status":"publish","type":"page","link":"https:\/\/www.aplast.fr\/index.php\/produits\/matieres\/fep\/","title":{"rendered":"FEP"},"content":{"rendered":"<p>L&rsquo;<strong>Ethyl\u00e8ne-Propyl\u00e8ne Fluor\u00e9<\/strong> est un thermoplastique copolym\u00e8re fluor\u00e9. Le <strong>FEP<\/strong> a la particularit\u00e9 d&rsquo;\u00eatre une mati\u00e8re tr\u00e8s souple compar\u00e9 au PTFE. Thermiquement, le <strong>FEP<\/strong> a un point de fusion inf\u00e9rieur au PTFE et PFA. Les caract\u00e9ristiques di\u00e9lectriques du <strong>FEP<\/strong> sont semblable au PTFE et PFA.<\/p>\n<p>N&rsquo;h\u00e9sitez pas \u00e0 nous contacter pour conna\u00eetre tous nos grades. Voici une liste non exhaustive de nos grades de <b>FEP<\/b>\u00a0:<\/p>\n","protected":false},"excerpt":{"rendered":"<p>L&rsquo;Ethyl\u00e8ne-Propyl\u00e8ne Fluor\u00e9 est un thermoplastique copolym\u00e8re fluor\u00e9. Le FEP a la particularit\u00e9 d&rsquo;\u00eatre une mati\u00e8re tr\u00e8s souple compar\u00e9 au PTFE. Thermiquement, le FEP a un point de fusion inf\u00e9rieur au PTFE et PFA. Les caract\u00e9ristiques di\u00e9lectriques du FEP sont semblable au PTFE et PFA. N&rsquo;h\u00e9sitez pas \u00e0 nous contacter pour conna\u00eetre tous nos grades. Voici [&hellip;]<\/p>\n","protected":false},"author":1,"featured_media":0,"parent":35,"menu_order":0,"comment_status":"closed","ping_status":"closed","template":"page-produit.php","meta":{"_acf_changed":false,"footnotes":""},"class_list":["post-1602","page","type-page","status-publish","hentry"],"acf":[],"_links":{"self":[{"href":"https:\/\/www.aplast.fr\/index.php\/wp-json\/wp\/v2\/pages\/1602","targetHints":{"allow":["GET"]}}],"collection":[{"href":"https:\/\/www.aplast.fr\/index.php\/wp-json\/wp\/v2\/pages"}],"about":[{"href":"https:\/\/www.aplast.fr\/index.php\/wp-json\/wp\/v2\/types\/page"}],"author":[{"embeddable":true,"href":"https:\/\/www.aplast.fr\/index.php\/wp-json\/wp\/v2\/users\/1"}],"replies":[{"embeddable":true,"href":"https:\/\/www.aplast.fr\/index.php\/wp-json\/wp\/v2\/comments?post=1602"}],"version-history":[{"count":8,"href":"https:\/\/www.aplast.fr\/index.php\/wp-json\/wp\/v2\/pages\/1602\/revisions"}],"predecessor-version":[{"id":1912,"href":"https:\/\/www.aplast.fr\/index.php\/wp-json\/wp\/v2\/pages\/1602\/revisions\/1912"}],"up":[{"embeddable":true,"href":"https:\/\/www.aplast.fr\/index.php\/wp-json\/wp\/v2\/pages\/35"}],"wp:attachment":[{"href":"https:\/\/www.aplast.fr\/index.php\/wp-json\/wp\/v2\/media?parent=1602"}],"curies":[{"name":"wp","href":"https:\/\/api.w.org\/{rel}","templated":true}]}}