{"id":1600,"date":"2016-02-05T16:33:53","date_gmt":"2016-02-05T16:33:53","guid":{"rendered":"http:\/\/www.aplast.fr\/?page_id=1600"},"modified":"2016-03-14T18:46:27","modified_gmt":"2016-03-14T18:46:27","slug":"etfe-2","status":"publish","type":"page","link":"https:\/\/www.aplast.fr\/index.php\/produits\/matieres\/etfe-2\/","title":{"rendered":"ETFE"},"content":{"rendered":"<p>L&rsquo;<strong>EthyleneTetraFluoroEthylene<\/strong> est un fluoropolym\u00e8re thermoplastique. L&rsquo;<strong>ETFE<\/strong> a une grande r\u00e9sistance \u00e0 l&rsquo;usure et est utilisable dans une large\u00a0plage\u00a0de temp\u00e9rature (-80\u00b0C \u00e0 +155\u00b0C). Sa tenue chimique, bien qu&rsquo;inf\u00e9rieure au PTFE, reste excellente.<\/p>\n<p>N&rsquo;h\u00e9sitez pas \u00e0 nous contacter pour conna\u00eetre tous nos grades. Voici une liste non exhaustive de nos grades de <b>ETFE<\/b>\u00a0:<\/p>\n","protected":false},"excerpt":{"rendered":"<p>L&rsquo;EthyleneTetraFluoroEthylene est un fluoropolym\u00e8re thermoplastique. L&rsquo;ETFE a une grande r\u00e9sistance \u00e0 l&rsquo;usure et est utilisable dans une large\u00a0plage\u00a0de temp\u00e9rature (-80\u00b0C \u00e0 +155\u00b0C). Sa tenue chimique, bien qu&rsquo;inf\u00e9rieure au PTFE, reste excellente. N&rsquo;h\u00e9sitez pas \u00e0 nous contacter pour conna\u00eetre tous nos grades. Voici une liste non exhaustive de nos grades de ETFE\u00a0:<\/p>\n","protected":false},"author":1,"featured_media":0,"parent":35,"menu_order":0,"comment_status":"closed","ping_status":"closed","template":"page-produit.php","meta":{"_acf_changed":false,"footnotes":""},"class_list":["post-1600","page","type-page","status-publish","hentry"],"acf":[],"_links":{"self":[{"href":"https:\/\/www.aplast.fr\/index.php\/wp-json\/wp\/v2\/pages\/1600","targetHints":{"allow":["GET"]}}],"collection":[{"href":"https:\/\/www.aplast.fr\/index.php\/wp-json\/wp\/v2\/pages"}],"about":[{"href":"https:\/\/www.aplast.fr\/index.php\/wp-json\/wp\/v2\/types\/page"}],"author":[{"embeddable":true,"href":"https:\/\/www.aplast.fr\/index.php\/wp-json\/wp\/v2\/users\/1"}],"replies":[{"embeddable":true,"href":"https:\/\/www.aplast.fr\/index.php\/wp-json\/wp\/v2\/comments?post=1600"}],"version-history":[{"count":11,"href":"https:\/\/www.aplast.fr\/index.php\/wp-json\/wp\/v2\/pages\/1600\/revisions"}],"predecessor-version":[{"id":2229,"href":"https:\/\/www.aplast.fr\/index.php\/wp-json\/wp\/v2\/pages\/1600\/revisions\/2229"}],"up":[{"embeddable":true,"href":"https:\/\/www.aplast.fr\/index.php\/wp-json\/wp\/v2\/pages\/35"}],"wp:attachment":[{"href":"https:\/\/www.aplast.fr\/index.php\/wp-json\/wp\/v2\/media?parent=1600"}],"curies":[{"name":"wp","href":"https:\/\/api.w.org\/{rel}","templated":true}]}}