{"id":1598,"date":"2016-02-05T16:33:37","date_gmt":"2016-02-05T16:33:37","guid":{"rendered":"http:\/\/www.aplast.fr\/?page_id=1598"},"modified":"2016-02-10T16:03:46","modified_gmt":"2016-02-10T16:03:46","slug":"pfa-2","status":"publish","type":"page","link":"https:\/\/www.aplast.fr\/index.php\/produits\/matieres\/pfa-2\/","title":{"rendered":"PFA"},"content":{"rendered":"<p>Le <strong>PerFluoroAlkoxy<\/strong> est un\u00a0copolym\u00e8re de la famille des fluoropolym\u00e8res. Le <strong>PFA<\/strong> r\u00e9siste tr\u00e8s bien aux basses et hautes temp\u00e9ratures (- 200\u00b0C \u00e0 + 260\u00b0C) et pr\u00e9sente une tendance moindre au fluage que le PTFE. Le <strong>PFA<\/strong> est tr\u00e8s utilis\u00e9 pour son inertie chimique universelle et ses grades hautes puret\u00e9s. Ses caract\u00e9ristiques m\u00e9caniques peuvent \u00eatre am\u00e9lior\u00e9s avec de la fibre de carbone.<\/p>\n<p>N&rsquo;h\u00e9sitez pas \u00e0 nous contacter pour conna\u00eetre tous nos grades. Voici une liste non exhaustive de nos grades de <b>PFA<\/b>\u00a0:<\/p>\n","protected":false},"excerpt":{"rendered":"<p>Le PerFluoroAlkoxy est un\u00a0copolym\u00e8re de la famille des fluoropolym\u00e8res. Le PFA r\u00e9siste tr\u00e8s bien aux basses et hautes temp\u00e9ratures (- 200\u00b0C \u00e0 + 260\u00b0C) et pr\u00e9sente une tendance moindre au fluage que le PTFE. Le PFA est tr\u00e8s utilis\u00e9 pour son inertie chimique universelle et ses grades hautes puret\u00e9s. Ses caract\u00e9ristiques m\u00e9caniques peuvent \u00eatre am\u00e9lior\u00e9s [&hellip;]<\/p>\n","protected":false},"author":1,"featured_media":0,"parent":35,"menu_order":0,"comment_status":"closed","ping_status":"closed","template":"page-produit.php","meta":{"_acf_changed":false,"footnotes":""},"class_list":["post-1598","page","type-page","status-publish","hentry"],"acf":[],"_links":{"self":[{"href":"https:\/\/www.aplast.fr\/index.php\/wp-json\/wp\/v2\/pages\/1598","targetHints":{"allow":["GET"]}}],"collection":[{"href":"https:\/\/www.aplast.fr\/index.php\/wp-json\/wp\/v2\/pages"}],"about":[{"href":"https:\/\/www.aplast.fr\/index.php\/wp-json\/wp\/v2\/types\/page"}],"author":[{"embeddable":true,"href":"https:\/\/www.aplast.fr\/index.php\/wp-json\/wp\/v2\/users\/1"}],"replies":[{"embeddable":true,"href":"https:\/\/www.aplast.fr\/index.php\/wp-json\/wp\/v2\/comments?post=1598"}],"version-history":[{"count":12,"href":"https:\/\/www.aplast.fr\/index.php\/wp-json\/wp\/v2\/pages\/1598\/revisions"}],"predecessor-version":[{"id":1911,"href":"https:\/\/www.aplast.fr\/index.php\/wp-json\/wp\/v2\/pages\/1598\/revisions\/1911"}],"up":[{"embeddable":true,"href":"https:\/\/www.aplast.fr\/index.php\/wp-json\/wp\/v2\/pages\/35"}],"wp:attachment":[{"href":"https:\/\/www.aplast.fr\/index.php\/wp-json\/wp\/v2\/media?parent=1598"}],"curies":[{"name":"wp","href":"https:\/\/api.w.org\/{rel}","templated":true}]}}