{"id":1596,"date":"2016-02-05T16:33:11","date_gmt":"2016-02-05T16:33:11","guid":{"rendered":"http:\/\/www.aplast.fr\/?page_id=1596"},"modified":"2016-02-15T15:20:40","modified_gmt":"2016-02-15T15:20:40","slug":"pctfe-2","status":"publish","type":"page","link":"https:\/\/www.aplast.fr\/index.php\/produits\/matieres\/pctfe-2\/","title":{"rendered":"PCTFE"},"content":{"rendered":"<p>Le <strong>PolyChloroTriFluoroEthyl\u00e8ne<\/strong> est un fluoropolym\u00e8re. Le <strong>PCTFE<\/strong>\u00a0peut se pr\u00e9senter\u00a0sous deux \u00e9tats : Semi-Cristallin ou Amorphe. Les caract\u00e9ristiques m\u00e9caniques entre les deux \u00e9tats sont tr\u00e8s diff\u00e9rentes. Avec notre proc\u00e9d\u00e9 de transformation, nous proposons un <strong>PCTFE<\/strong> <em><strong>Semi-Cristallin<\/strong><\/em>. Le <strong>PCTFE\u00a0<\/strong>peut \u00eatre utiliser dans une plage de temp\u00e9rature tr\u00e8s \u00e9tendu (-255\u00b0C \u00e0 + 150\u00b0C).<\/p>\n<p>N&rsquo;h\u00e9sitez pas \u00e0 nous contacter pour conna\u00eetre tous nos grades. Voici une liste non exhaustive de nos grades de <b>PCTFE<\/b>\u00a0:<\/p>\n","protected":false},"excerpt":{"rendered":"<p>Le PolyChloroTriFluoroEthyl\u00e8ne est un fluoropolym\u00e8re. Le PCTFE\u00a0peut se pr\u00e9senter\u00a0sous deux \u00e9tats : Semi-Cristallin ou Amorphe. Les caract\u00e9ristiques m\u00e9caniques entre les deux \u00e9tats sont tr\u00e8s diff\u00e9rentes. Avec notre proc\u00e9d\u00e9 de transformation, nous proposons un PCTFE Semi-Cristallin. Le PCTFE\u00a0peut \u00eatre utiliser dans une plage de temp\u00e9rature tr\u00e8s \u00e9tendu (-255\u00b0C \u00e0 + 150\u00b0C). N&rsquo;h\u00e9sitez pas \u00e0 nous contacter [&hellip;]<\/p>\n","protected":false},"author":1,"featured_media":0,"parent":35,"menu_order":0,"comment_status":"closed","ping_status":"closed","template":"page-produit.php","meta":{"_acf_changed":false,"footnotes":""},"class_list":["post-1596","page","type-page","status-publish","hentry"],"acf":[],"_links":{"self":[{"href":"https:\/\/www.aplast.fr\/index.php\/wp-json\/wp\/v2\/pages\/1596","targetHints":{"allow":["GET"]}}],"collection":[{"href":"https:\/\/www.aplast.fr\/index.php\/wp-json\/wp\/v2\/pages"}],"about":[{"href":"https:\/\/www.aplast.fr\/index.php\/wp-json\/wp\/v2\/types\/page"}],"author":[{"embeddable":true,"href":"https:\/\/www.aplast.fr\/index.php\/wp-json\/wp\/v2\/users\/1"}],"replies":[{"embeddable":true,"href":"https:\/\/www.aplast.fr\/index.php\/wp-json\/wp\/v2\/comments?post=1596"}],"version-history":[{"count":10,"href":"https:\/\/www.aplast.fr\/index.php\/wp-json\/wp\/v2\/pages\/1596\/revisions"}],"predecessor-version":[{"id":1998,"href":"https:\/\/www.aplast.fr\/index.php\/wp-json\/wp\/v2\/pages\/1596\/revisions\/1998"}],"up":[{"embeddable":true,"href":"https:\/\/www.aplast.fr\/index.php\/wp-json\/wp\/v2\/pages\/35"}],"wp:attachment":[{"href":"https:\/\/www.aplast.fr\/index.php\/wp-json\/wp\/v2\/media?parent=1596"}],"curies":[{"name":"wp","href":"https:\/\/api.w.org\/{rel}","templated":true}]}}