{"id":1364,"date":"2016-02-02T09:54:21","date_gmt":"2016-02-02T09:54:21","guid":{"rendered":"http:\/\/www.aplast.fr\/?page_id=1364"},"modified":"2016-03-07T09:05:28","modified_gmt":"2016-03-07T09:05:28","slug":"realisations-specifiques","status":"publish","type":"page","link":"https:\/\/www.aplast.fr\/index.php\/expertise-technique\/solutions-innovantes\/realisations-specifiques\/","title":{"rendered":"R\u00e9alisations sp\u00e9cifiques"},"content":{"rendered":"<p style=\"text-align: justify;\"><strong>APLAST<\/strong> est capable de mener et de d\u00e9velopper un projet sp\u00e9cifique alliant plusieurs\u00a0m\u00e9thodes de fabrication et d&rsquo;assemblage. Notre connaissance des mati\u00e8res plastiques ainsi que les diff\u00e9rents\u00a0proc\u00e9d\u00e9s de transformation (injection, extrusion, compression&#8230;) et d&rsquo;assemblages (poly-fusion, soudage, thermoformage&#8230;) nous permettent de vous\u00a0proposer\u00a0une solution globale \u00e9conomiquement viable.<\/p>\n<p style=\"text-align: justify;\">Nous ma\u00eetrisons les proc\u00e9d\u00e9s\u00a0suivants :<\/p>\n<ul style=\"text-align: justify;\">\n<li>Surmoulage d&rsquo;inserts m\u00e9talliques<\/li>\n<li>Moulage d&rsquo;\u00e9bauches suivant plan<\/li>\n<li>Thermoformage de plaques de fortes \u00e9paisseurs<\/li>\n<li>Poly-fusion d&rsquo;\u00e9bauches de grandes dimensions<\/li>\n<\/ul>\n<blockquote><p><span style=\"text-decoration: underline;\"><strong>Vos projets en mati\u00e8res plastiques techniques sont\u00a0audacieux ?\u00a0Nous avons une solution.<\/strong><\/span><\/p><\/blockquote>\n","protected":false},"excerpt":{"rendered":"<p>APLAST est capable de mener et de d\u00e9velopper un projet sp\u00e9cifique alliant plusieurs\u00a0m\u00e9thodes de fabrication et d&rsquo;assemblage. Notre connaissance des mati\u00e8res plastiques ainsi que les diff\u00e9rents\u00a0proc\u00e9d\u00e9s de transformation (injection, extrusion, compression&#8230;) et d&rsquo;assemblages (poly-fusion, soudage, thermoformage&#8230;) nous permettent de vous\u00a0proposer\u00a0une solution globale \u00e9conomiquement viable. Nous ma\u00eetrisons les proc\u00e9d\u00e9s\u00a0suivants : Surmoulage d&rsquo;inserts m\u00e9talliques Moulage d&rsquo;\u00e9bauches suivant [&hellip;]<\/p>\n","protected":false},"author":1,"featured_media":0,"parent":1331,"menu_order":0,"comment_status":"closed","ping_status":"closed","template":"page-produit-semi-fini.php","meta":{"_acf_changed":false,"footnotes":""},"class_list":["post-1364","page","type-page","status-publish","hentry"],"acf":[],"_links":{"self":[{"href":"https:\/\/www.aplast.fr\/index.php\/wp-json\/wp\/v2\/pages\/1364","targetHints":{"allow":["GET"]}}],"collection":[{"href":"https:\/\/www.aplast.fr\/index.php\/wp-json\/wp\/v2\/pages"}],"about":[{"href":"https:\/\/www.aplast.fr\/index.php\/wp-json\/wp\/v2\/types\/page"}],"author":[{"embeddable":true,"href":"https:\/\/www.aplast.fr\/index.php\/wp-json\/wp\/v2\/users\/1"}],"replies":[{"embeddable":true,"href":"https:\/\/www.aplast.fr\/index.php\/wp-json\/wp\/v2\/comments?post=1364"}],"version-history":[{"count":17,"href":"https:\/\/www.aplast.fr\/index.php\/wp-json\/wp\/v2\/pages\/1364\/revisions"}],"predecessor-version":[{"id":2173,"href":"https:\/\/www.aplast.fr\/index.php\/wp-json\/wp\/v2\/pages\/1364\/revisions\/2173"}],"up":[{"embeddable":true,"href":"https:\/\/www.aplast.fr\/index.php\/wp-json\/wp\/v2\/pages\/1331"}],"wp:attachment":[{"href":"https:\/\/www.aplast.fr\/index.php\/wp-json\/wp\/v2\/media?parent=1364"}],"curies":[{"name":"wp","href":"https:\/\/api.w.org\/{rel}","templated":true}]}}