{"id":1362,"date":"2016-02-02T09:53:41","date_gmt":"2016-02-02T09:53:41","guid":{"rendered":"http:\/\/www.aplast.fr\/?page_id=1362"},"modified":"2016-03-07T09:04:06","modified_gmt":"2016-03-07T09:04:06","slug":"ebauches-moules-suivant-plan","status":"publish","type":"page","link":"https:\/\/www.aplast.fr\/index.php\/expertise-technique\/solutions-innovantes\/ebauches-moules-suivant-plan\/","title":{"rendered":"Ebauches moul\u00e9es suivant plan"},"content":{"rendered":"<p style=\"text-align: justify;\">Notre proc\u00e9d\u00e9 de transformation \u00ab\u00a0<strong>extrusion-compression\u00a0\u00bb<\/strong> nous permet de vous proposer des \u00e9bauches moul\u00e9es suivant plan.<\/p>\n<p style=\"text-align: justify;\">A partir d&rsquo;un plan de pi\u00e8ces finies, nous sommes en mesure de vous proposer une \u00e9bauche permettant de r\u00e9duire le poids mati\u00e8re et les temps d&rsquo;usinage. En fonction des quantit\u00e9s, de la dimension des \u00e9bauches et de la mati\u00e8re, nous pourrons\u00a0vous proposer diff\u00e9rentes\u00a0solutions.<\/p>\n<p style=\"text-align: justify;\">Les\u00a0\u00e9bauches moul\u00e9es suivant plan ont l&rsquo;avantage d&rsquo;avoir une m\u00e9moire de forme qui am\u00e9liore la stabilit\u00e9 dimensionnelle.<\/p>\n<p style=\"text-align: justify;\"><span style=\"text-decoration: underline;\"><strong>Exemple : <\/strong><\/span><\/p>\n<p style=\"text-align: justify;\">Dans le m\u00eame outillage,\u00a0nous sommes capables de mouler\u00a0diff\u00e9rentes mati\u00e8res et de varier les \u00e9paisseurs.<\/p>\n<p style=\"text-align: justify;\"><a href=\"https:\/\/www.aplast.fr\/wp-content\/uploads\/2016\/02\/Ebauches-315x315-scanarc-02SF.jpg\" rel=\"attachment wp-att-1531\"><img loading=\"lazy\" decoding=\"async\" class=\"alignnone wp-image-1531\" src=\"https:\/\/www.aplast.fr\/wp-content\/uploads\/2016\/02\/Ebauches-315x315-scanarc-02SF.jpg\" alt=\"Ebauches sp\u00e9cifiques\" width=\"400\" height=\"248\" srcset=\"https:\/\/www.aplast.fr\/wp-content\/uploads\/2016\/02\/Ebauches-315x315-scanarc-02SF.jpg 2363w, https:\/\/www.aplast.fr\/wp-content\/uploads\/2016\/02\/Ebauches-315x315-scanarc-02SF-300x186.jpg 300w, https:\/\/www.aplast.fr\/wp-content\/uploads\/2016\/02\/Ebauches-315x315-scanarc-02SF-768x477.jpg 768w, https:\/\/www.aplast.fr\/wp-content\/uploads\/2016\/02\/Ebauches-315x315-scanarc-02SF-1024x636.jpg 1024w, https:\/\/www.aplast.fr\/wp-content\/uploads\/2016\/02\/Ebauches-315x315-scanarc-02SF-160x99.jpg 160w, https:\/\/www.aplast.fr\/wp-content\/uploads\/2016\/02\/Ebauches-315x315-scanarc-02SF-100x62.jpg 100w, https:\/\/www.aplast.fr\/wp-content\/uploads\/2016\/02\/Ebauches-315x315-scanarc-02SF-22x14.jpg 22w\" sizes=\"auto, (max-width: 400px) 100vw, 400px\" \/><\/a><\/p>\n<p style=\"text-align: justify;\">N&rsquo;h\u00e9sitez pas \u00e0 contacter notre service technique pour trouver les meilleurs solutions.<\/p>\n","protected":false},"excerpt":{"rendered":"<p>Notre proc\u00e9d\u00e9 de transformation \u00ab\u00a0extrusion-compression\u00a0\u00bb nous permet de vous proposer des \u00e9bauches moul\u00e9es suivant plan. A partir d&rsquo;un plan de pi\u00e8ces finies, nous sommes en mesure de vous proposer une \u00e9bauche permettant de r\u00e9duire le poids mati\u00e8re et les temps d&rsquo;usinage. En fonction des quantit\u00e9s, de la dimension des \u00e9bauches et de la mati\u00e8re, nous [&hellip;]<\/p>\n","protected":false},"author":1,"featured_media":0,"parent":1331,"menu_order":0,"comment_status":"closed","ping_status":"closed","template":"page-produit-semi-fini.php","meta":{"_acf_changed":false,"footnotes":""},"class_list":["post-1362","page","type-page","status-publish","hentry"],"acf":[],"_links":{"self":[{"href":"https:\/\/www.aplast.fr\/index.php\/wp-json\/wp\/v2\/pages\/1362","targetHints":{"allow":["GET"]}}],"collection":[{"href":"https:\/\/www.aplast.fr\/index.php\/wp-json\/wp\/v2\/pages"}],"about":[{"href":"https:\/\/www.aplast.fr\/index.php\/wp-json\/wp\/v2\/types\/page"}],"author":[{"embeddable":true,"href":"https:\/\/www.aplast.fr\/index.php\/wp-json\/wp\/v2\/users\/1"}],"replies":[{"embeddable":true,"href":"https:\/\/www.aplast.fr\/index.php\/wp-json\/wp\/v2\/comments?post=1362"}],"version-history":[{"count":9,"href":"https:\/\/www.aplast.fr\/index.php\/wp-json\/wp\/v2\/pages\/1362\/revisions"}],"predecessor-version":[{"id":2172,"href":"https:\/\/www.aplast.fr\/index.php\/wp-json\/wp\/v2\/pages\/1362\/revisions\/2172"}],"up":[{"embeddable":true,"href":"https:\/\/www.aplast.fr\/index.php\/wp-json\/wp\/v2\/pages\/1331"}],"wp:attachment":[{"href":"https:\/\/www.aplast.fr\/index.php\/wp-json\/wp\/v2\/media?parent=1362"}],"curies":[{"name":"wp","href":"https:\/\/api.w.org\/{rel}","templated":true}]}}