{"id":1360,"date":"2016-02-02T09:52:29","date_gmt":"2016-02-02T09:52:29","guid":{"rendered":"http:\/\/www.aplast.fr\/?page_id=1360"},"modified":"2016-02-15T13:42:38","modified_gmt":"2016-02-15T13:42:38","slug":"documentation-technique","status":"publish","type":"page","link":"https:\/\/www.aplast.fr\/index.php\/expertise-technique\/conseil-technique\/documentation-technique\/","title":{"rendered":"Documentation Technique"},"content":{"rendered":"<p style=\"text-align: justify;\"><strong>APLAST<\/strong>\u00a0travaille en \u00e9troite collaboration avec les\u00a0producteurs de mati\u00e8res. Vous trouverez ci-dessous\u00a0diverses documentations.\u00a0Ces brochures\u00a0donnent de nombreuses informations qui\u00a0vous permettront de\u00a0s\u00e9lectionner la mati\u00e8re r\u00e9pondant\u00a0\u00e0 votre\u00a0projet.<\/p>\n<table style=\"height: 369px;\" border=\"1\" width=\"270\">\n<caption><strong>Guide technique<\/strong><\/caption>\n<tbody>\n<tr>\n<td>PCTFE<\/td>\n<td><a href=\"https:\/\/www.aplast.fr\/wp-content\/uploads\/2016\/02\/VOLTALEF-PCTFE-FR.pdf\" rel=\"\">PCTFE Voltalef<\/a><\/td>\n<\/tr>\n<tr>\n<td>PEEK<\/td>\n<td><a href=\"https:\/\/www.aplast.fr\/wp-content\/uploads\/2016\/02\/Victrex_PROPERTIES-GUIDE_FR.pdf\" rel=\"\">Guide PEEK<\/a><\/td>\n<\/tr>\n<tr>\n<td>ECTFE<\/td>\n<td><a href=\"https:\/\/www.aplast.fr\/wp-content\/uploads\/2016\/02\/ECTFE-Halar.pdf\" rel=\"\">Guide ECTFE<\/a><\/td>\n<\/tr>\n<tr>\n<td>PPSU &#8211; PES &#8211; PSU<\/td>\n<td><a href=\"https:\/\/www.aplast.fr\/wp-content\/uploads\/2016\/02\/Radel-PPSU-Veradel-PESU-Acudel-PPSU-Design-Guide_EN-227541.pdf\" rel=\"\">PPSU-PES-PSU<\/a><\/td>\n<\/tr>\n<tr>\n<td>PPS<\/td>\n<td><a href=\"https:\/\/www.aplast.fr\/wp-content\/uploads\/2016\/02\/Ryton-PPS-Polyphenylene-Sulfide_EN-265898.pdf\" rel=\"\">Guide PPS<\/a><\/td>\n<\/tr>\n<tr>\n<td>\u00a0ETFE<\/td>\n<td><a href=\"https:\/\/www.aplast.fr\/wp-content\/uploads\/2016\/02\/ETFE.pdf\" rel=\"\">Guide ETFE<\/a><\/td>\n<\/tr>\n<\/tbody>\n<\/table>\n","protected":false},"excerpt":{"rendered":"<p>APLAST\u00a0travaille en \u00e9troite collaboration avec les\u00a0producteurs de mati\u00e8res. Vous trouverez ci-dessous\u00a0diverses documentations.\u00a0Ces brochures\u00a0donnent de nombreuses informations qui\u00a0vous permettront de\u00a0s\u00e9lectionner la mati\u00e8re r\u00e9pondant\u00a0\u00e0 votre\u00a0projet. Guide technique PCTFE PCTFE Voltalef PEEK Guide PEEK ECTFE Guide ECTFE PPSU &#8211; PES &#8211; PSU PPSU-PES-PSU PPS Guide PPS \u00a0ETFE Guide ETFE<\/p>\n","protected":false},"author":1,"featured_media":0,"parent":1332,"menu_order":0,"comment_status":"closed","ping_status":"closed","template":"page-produit-semi-fini.php","meta":{"_acf_changed":false,"footnotes":""},"class_list":["post-1360","page","type-page","status-publish","hentry"],"acf":[],"_links":{"self":[{"href":"https:\/\/www.aplast.fr\/index.php\/wp-json\/wp\/v2\/pages\/1360","targetHints":{"allow":["GET"]}}],"collection":[{"href":"https:\/\/www.aplast.fr\/index.php\/wp-json\/wp\/v2\/pages"}],"about":[{"href":"https:\/\/www.aplast.fr\/index.php\/wp-json\/wp\/v2\/types\/page"}],"author":[{"embeddable":true,"href":"https:\/\/www.aplast.fr\/index.php\/wp-json\/wp\/v2\/users\/1"}],"replies":[{"embeddable":true,"href":"https:\/\/www.aplast.fr\/index.php\/wp-json\/wp\/v2\/comments?post=1360"}],"version-history":[{"count":14,"href":"https:\/\/www.aplast.fr\/index.php\/wp-json\/wp\/v2\/pages\/1360\/revisions"}],"predecessor-version":[{"id":1977,"href":"https:\/\/www.aplast.fr\/index.php\/wp-json\/wp\/v2\/pages\/1360\/revisions\/1977"}],"up":[{"embeddable":true,"href":"https:\/\/www.aplast.fr\/index.php\/wp-json\/wp\/v2\/pages\/1332"}],"wp:attachment":[{"href":"https:\/\/www.aplast.fr\/index.php\/wp-json\/wp\/v2\/media?parent=1360"}],"curies":[{"name":"wp","href":"https:\/\/api.w.org\/{rel}","templated":true}]}}