{"id":1358,"date":"2016-02-02T09:51:49","date_gmt":"2016-02-02T09:51:49","guid":{"rendered":"http:\/\/www.aplast.fr\/?page_id=1358"},"modified":"2016-04-22T14:19:12","modified_gmt":"2016-04-22T14:19:12","slug":"guide-usinage","status":"publish","type":"page","link":"https:\/\/www.aplast.fr\/index.php\/expertise-technique\/conseil-technique\/guide-usinage\/","title":{"rendered":"Guide usinage"},"content":{"rendered":"<p style=\"text-align: justify;\">L&rsquo;usinage \u00e0 partir d&rsquo;un semi-produit est le moyen le plus rapide et le plus \u00e9conomique pour r\u00e9aliser\u00a0une pi\u00e8ce finie. Les techniques g\u00e9n\u00e9rales d&rsquo;usinage applicables aux mati\u00e8res plastiques sont pratiquement similaires \u00e0 celles utilis\u00e9es pour les alliages non ferreux.<\/p>\n<p style=\"text-align: justify;\">Les mati\u00e8res plastiques sont des isolants thermiques et n&rsquo;\u00e9vacuent pas la chaleur produite par la coupe de l&rsquo;outil.\u00a0A noter que les mati\u00e8res charg\u00e9es subissent plus de d\u00e9formations lors de l&rsquo;usinage. L&rsquo;usinage par enl\u00e8vement de copeaux coupe les fibres de renfort, peut lib\u00e9rer de nouvelles contraintes,\u00a0engendrer des d\u00e9formations et donc compliquer la tenue des tol\u00e9rances. Dans certains cas, il est pr\u00e9conis\u00e9\u00a0de r\u00e9aliser une seconde stabilisation apr\u00e8s usinage d&rsquo;\u00e9bauche et avant usinage de finition.<\/p>\n<p style=\"text-align: justify;\">N\u2019h\u00e9sitez pas \u00e0 prendre contact avec notre \u00e9quipe technique\u00a0pour\u00a0vous accompagner.<\/p>\n<p style=\"text-align: justify;\">Un guide d&rsquo;usinage est mis \u00e0 votre disposition.<\/p>\n<p><a href=\"https:\/\/www.aplast.fr\/wp-content\/uploads\/2016\/04\/Aplast.GuideUsinage01.FS_.FRs_.pdf\">T\u00e9l\u00e9charger notre guide usinage<\/a><\/p>\n<p>&nbsp;<\/p>\n","protected":false},"excerpt":{"rendered":"<p>L&rsquo;usinage \u00e0 partir d&rsquo;un semi-produit est le moyen le plus rapide et le plus \u00e9conomique pour r\u00e9aliser\u00a0une pi\u00e8ce finie. Les techniques g\u00e9n\u00e9rales d&rsquo;usinage applicables aux mati\u00e8res plastiques sont pratiquement similaires \u00e0 celles utilis\u00e9es pour les alliages non ferreux. Les mati\u00e8res plastiques sont des isolants thermiques et n&rsquo;\u00e9vacuent pas la chaleur produite par la coupe de [&hellip;]<\/p>\n","protected":false},"author":1,"featured_media":0,"parent":1332,"menu_order":0,"comment_status":"closed","ping_status":"closed","template":"page-produit-semi-fini.php","meta":{"_acf_changed":false,"footnotes":""},"class_list":["post-1358","page","type-page","status-publish","hentry"],"acf":[],"_links":{"self":[{"href":"https:\/\/www.aplast.fr\/index.php\/wp-json\/wp\/v2\/pages\/1358","targetHints":{"allow":["GET"]}}],"collection":[{"href":"https:\/\/www.aplast.fr\/index.php\/wp-json\/wp\/v2\/pages"}],"about":[{"href":"https:\/\/www.aplast.fr\/index.php\/wp-json\/wp\/v2\/types\/page"}],"author":[{"embeddable":true,"href":"https:\/\/www.aplast.fr\/index.php\/wp-json\/wp\/v2\/users\/1"}],"replies":[{"embeddable":true,"href":"https:\/\/www.aplast.fr\/index.php\/wp-json\/wp\/v2\/comments?post=1358"}],"version-history":[{"count":12,"href":"https:\/\/www.aplast.fr\/index.php\/wp-json\/wp\/v2\/pages\/1358\/revisions"}],"predecessor-version":[{"id":2253,"href":"https:\/\/www.aplast.fr\/index.php\/wp-json\/wp\/v2\/pages\/1358\/revisions\/2253"}],"up":[{"embeddable":true,"href":"https:\/\/www.aplast.fr\/index.php\/wp-json\/wp\/v2\/pages\/1332"}],"wp:attachment":[{"href":"https:\/\/www.aplast.fr\/index.php\/wp-json\/wp\/v2\/media?parent=1358"}],"curies":[{"name":"wp","href":"https:\/\/api.w.org\/{rel}","templated":true}]}}