{"id":1354,"date":"2016-02-02T09:50:36","date_gmt":"2016-02-02T09:50:36","guid":{"rendered":"http:\/\/www.aplast.fr\/?page_id=1354"},"modified":"2016-03-07T09:01:30","modified_gmt":"2016-03-07T09:01:30","slug":"reach","status":"publish","type":"page","link":"https:\/\/www.aplast.fr\/index.php\/expertise-technique\/qualite\/reach\/","title":{"rendered":"REACH"},"content":{"rendered":"<p style=\"text-align: justify;\">REACH est un r\u00e8glement europ\u00e9en (R\u00e8glement N\u00b01907\/2006) entr\u00e9 en vigueur en 2007 pour s\u00e9curiser la fabrication et l&rsquo;utilisation des substances chimiques dans l&rsquo;industrie europ\u00e9enne. Il s&rsquo;agit de recenser, d&rsquo;\u00e9valuer et de contr\u00f4ler les substances chimiques fabriqu\u00e9es, import\u00e9es, mises sur le march\u00e9 europ\u00e9en. REACH est un r\u00e8glement communautaire. Il s&rsquo;applique de mani\u00e8re identique, sans texte de transposition, dans chaque \u00e9tat membre.<\/p>\n<p style=\"text-align: justify;\">La proc\u00e9dure d&rsquo;enregistrement fait obligation aux producteurs de substances chimiques mises sur le march\u00e9, \u00e0 plus d&rsquo;une tonne par an sur le territoire de l&rsquo;Union Europ\u00e9enne, d&rsquo;acqu\u00e9rir des connaissances sur les substances qu&rsquo;ils fabriquent et d&rsquo;exploiter ces connaissances pour assurer une gestion responsable et bien inform\u00e9e des risques que ces substances peuvent pr\u00e9senter pour la sant\u00e9 humaine et l&rsquo;environnement.<\/p>\n<p style=\"text-align: justify;\"><strong>APLAST<\/strong> propose des semi-produits. Nous sommes utilisateurs de granul\u00e9s plastiques contenant des substances chimiques. L&rsquo;enregistrement des substances chimiques se fait par le producteur des mati\u00e8res premi\u00e8res. Nous d\u00e9pendons des informations des fournisseurs de mati\u00e8res premi\u00e8res. A la demande, nous pourrons vous communiquer la d\u00e9claration de notre fournisseur.<\/p>\n","protected":false},"excerpt":{"rendered":"<p>REACH est un r\u00e8glement europ\u00e9en (R\u00e8glement N\u00b01907\/2006) entr\u00e9 en vigueur en 2007 pour s\u00e9curiser la fabrication et l&rsquo;utilisation des substances chimiques dans l&rsquo;industrie europ\u00e9enne. Il s&rsquo;agit de recenser, d&rsquo;\u00e9valuer et de contr\u00f4ler les substances chimiques fabriqu\u00e9es, import\u00e9es, mises sur le march\u00e9 europ\u00e9en. REACH est un r\u00e8glement communautaire. Il s&rsquo;applique de mani\u00e8re identique, sans texte de [&hellip;]<\/p>\n","protected":false},"author":1,"featured_media":0,"parent":1333,"menu_order":0,"comment_status":"closed","ping_status":"closed","template":"page-produit-semi-fini.php","meta":{"_acf_changed":false,"footnotes":""},"class_list":["post-1354","page","type-page","status-publish","hentry"],"acf":[],"_links":{"self":[{"href":"https:\/\/www.aplast.fr\/index.php\/wp-json\/wp\/v2\/pages\/1354","targetHints":{"allow":["GET"]}}],"collection":[{"href":"https:\/\/www.aplast.fr\/index.php\/wp-json\/wp\/v2\/pages"}],"about":[{"href":"https:\/\/www.aplast.fr\/index.php\/wp-json\/wp\/v2\/types\/page"}],"author":[{"embeddable":true,"href":"https:\/\/www.aplast.fr\/index.php\/wp-json\/wp\/v2\/users\/1"}],"replies":[{"embeddable":true,"href":"https:\/\/www.aplast.fr\/index.php\/wp-json\/wp\/v2\/comments?post=1354"}],"version-history":[{"count":6,"href":"https:\/\/www.aplast.fr\/index.php\/wp-json\/wp\/v2\/pages\/1354\/revisions"}],"predecessor-version":[{"id":2169,"href":"https:\/\/www.aplast.fr\/index.php\/wp-json\/wp\/v2\/pages\/1354\/revisions\/2169"}],"up":[{"embeddable":true,"href":"https:\/\/www.aplast.fr\/index.php\/wp-json\/wp\/v2\/pages\/1333"}],"wp:attachment":[{"href":"https:\/\/www.aplast.fr\/index.php\/wp-json\/wp\/v2\/media?parent=1354"}],"curies":[{"name":"wp","href":"https:\/\/api.w.org\/{rel}","templated":true}]}}