{"id":1352,"date":"2016-02-02T09:50:10","date_gmt":"2016-02-02T09:50:10","guid":{"rendered":"http:\/\/www.aplast.fr\/?page_id=1352"},"modified":"2016-03-07T09:00:54","modified_gmt":"2016-03-07T09:00:54","slug":"tracabilite","status":"publish","type":"page","link":"https:\/\/www.aplast.fr\/index.php\/expertise-technique\/qualite\/tracabilite\/","title":{"rendered":"Tra\u00e7abilit\u00e9"},"content":{"rendered":"<h2 style=\"text-align: justify;\"><b>\u00ab La ma\u00eetrise de notre proc\u00e9d\u00e9&#8230;\u00a0\u00bb\u00a0<\/b><\/h2>\n<p style=\"text-align: justify;\">Afin d&rsquo;assurer une parfaite maitrise de notre proc\u00e9d\u00e9 de moulage, nous veillons \u00e0 l&rsquo;enregistrement de tous les param\u00e8tres li\u00e9s \u00e0 notre production.\u00a0Notre centrale d&rsquo;acquisition de donn\u00e9es vid\u00e9os nous permet de visualiser\u00a0\u00e0 chaque instant les temp\u00e9ratures et les pressions de nos moyens\u00a0de productions.\u00a0Ces informations consign\u00e9es sont analys\u00e9es et archiv\u00e9es pour garantir une reproductibilit\u00e9 de nos op\u00e9rations.<\/p>\n<p style=\"text-align: justify;\">Les param\u00e8tres sauvegard\u00e9s et archiv\u00e9s sont :<\/p>\n<ul style=\"text-align: justify;\">\n<li>Temp\u00e9rature des dessiccateurs<\/li>\n<li>Temp\u00e9rature des outillages<\/li>\n<li>Temp\u00e9rature des traitements thermiques<\/li>\n<li>Pression<\/li>\n<li>Temps<\/li>\n<\/ul>\n<p style=\"text-align: justify;\">Gr\u00e2ce \u00e0 nos\u00a0moyens et \u00e0 notre gestion des lots mati\u00e8res, nous assurons la compl\u00e8te tra\u00e7abilit\u00e9 de tous nos produits semi-finis. Il en est de m\u00eame pour notre stock.<\/p>\n<blockquote>\n<h3 style=\"text-align: justify;\"><span style=\"text-decoration: underline;\">Chaque commande client est unique,\u00a0APLAST est organis\u00e9 pour y r\u00e9pondre.<\/span><\/h3>\n<\/blockquote>\n","protected":false},"excerpt":{"rendered":"<p>\u00ab La ma\u00eetrise de notre proc\u00e9d\u00e9&#8230;\u00a0\u00bb\u00a0 Afin d&rsquo;assurer une parfaite maitrise de notre proc\u00e9d\u00e9 de moulage, nous veillons \u00e0 l&rsquo;enregistrement de tous les param\u00e8tres li\u00e9s \u00e0 notre production.\u00a0Notre centrale d&rsquo;acquisition de donn\u00e9es vid\u00e9os nous permet de visualiser\u00a0\u00e0 chaque instant les temp\u00e9ratures et les pressions de nos moyens\u00a0de productions.\u00a0Ces informations consign\u00e9es sont analys\u00e9es et archiv\u00e9es pour [&hellip;]<\/p>\n","protected":false},"author":1,"featured_media":0,"parent":1333,"menu_order":0,"comment_status":"closed","ping_status":"closed","template":"page-produit-semi-fini.php","meta":{"_acf_changed":false,"footnotes":""},"class_list":["post-1352","page","type-page","status-publish","hentry"],"acf":[],"_links":{"self":[{"href":"https:\/\/www.aplast.fr\/index.php\/wp-json\/wp\/v2\/pages\/1352","targetHints":{"allow":["GET"]}}],"collection":[{"href":"https:\/\/www.aplast.fr\/index.php\/wp-json\/wp\/v2\/pages"}],"about":[{"href":"https:\/\/www.aplast.fr\/index.php\/wp-json\/wp\/v2\/types\/page"}],"author":[{"embeddable":true,"href":"https:\/\/www.aplast.fr\/index.php\/wp-json\/wp\/v2\/users\/1"}],"replies":[{"embeddable":true,"href":"https:\/\/www.aplast.fr\/index.php\/wp-json\/wp\/v2\/comments?post=1352"}],"version-history":[{"count":9,"href":"https:\/\/www.aplast.fr\/index.php\/wp-json\/wp\/v2\/pages\/1352\/revisions"}],"predecessor-version":[{"id":2168,"href":"https:\/\/www.aplast.fr\/index.php\/wp-json\/wp\/v2\/pages\/1352\/revisions\/2168"}],"up":[{"embeddable":true,"href":"https:\/\/www.aplast.fr\/index.php\/wp-json\/wp\/v2\/pages\/1333"}],"wp:attachment":[{"href":"https:\/\/www.aplast.fr\/index.php\/wp-json\/wp\/v2\/media?parent=1352"}],"curies":[{"name":"wp","href":"https:\/\/api.w.org\/{rel}","templated":true}]}}