{"id":1348,"date":"2016-02-02T08:18:31","date_gmt":"2016-02-02T08:18:31","guid":{"rendered":"http:\/\/www.aplast.fr\/?page_id=1348"},"modified":"2016-03-07T09:00:21","modified_gmt":"2016-03-07T09:00:21","slug":"conformite-des-produits","status":"publish","type":"page","link":"https:\/\/www.aplast.fr\/index.php\/expertise-technique\/qualite\/conformite-des-produits\/","title":{"rendered":"Conformit\u00e9 des produits"},"content":{"rendered":"<p style=\"text-align: justify;\"><strong>APLAST<\/strong> attache une grande importance \u00e0 la conformit\u00e9 et \u00e0 la qualit\u00e9 de ses produits. <strong>APLAST<\/strong> d\u00e9livre \u00e0 chaque livraison les documents assurant une totale transparence pour ses\u00a0clients. Sur demande, nous sommes en mesure de pouvoir \u00e9galement fournir l&rsquo;enregistrement du traitement thermique des pi\u00e8ces livr\u00e9es. Nous assurons \u00e9galement une sauvegarde des\u00a0courbes afin d&rsquo;assurer la reproductibilit\u00e9 de notre proc\u00e9d\u00e9 de transformation.<\/p>\n<p style=\"text-align: justify;\">A chaque livraison, nous d\u00e9livrons\u00a0les documents suivants :<\/p>\n<ul style=\"text-align: justify;\">\n<li>Bon de livraison<\/li>\n<li>Certificat de conformit\u00e9 NFL 00-015C<\/li>\n<li>Certificat du producteur mati\u00e8re (3.1)<\/li>\n<\/ul>\n<p style=\"text-align: justify;\">A la demande :<\/p>\n<ul style=\"text-align: justify;\">\n<li>Enregistrement du traitement thermique<\/li>\n<\/ul>\n<p style=\"text-align: justify;\"><a href=\"https:\/\/www.aplast.fr\/wp-content\/uploads\/2016\/02\/Pdf-specimenA4-01.pdf\" rel=\"\">T\u00e9l\u00e9charger les documents associ\u00e9s \u00e0 la livraison<\/a><\/p>\n","protected":false},"excerpt":{"rendered":"<p>APLAST attache une grande importance \u00e0 la conformit\u00e9 et \u00e0 la qualit\u00e9 de ses produits. APLAST d\u00e9livre \u00e0 chaque livraison les documents assurant une totale transparence pour ses\u00a0clients. Sur demande, nous sommes en mesure de pouvoir \u00e9galement fournir l&rsquo;enregistrement du traitement thermique des pi\u00e8ces livr\u00e9es. Nous assurons \u00e9galement une sauvegarde des\u00a0courbes afin d&rsquo;assurer la reproductibilit\u00e9 [&hellip;]<\/p>\n","protected":false},"author":1,"featured_media":0,"parent":1333,"menu_order":0,"comment_status":"closed","ping_status":"closed","template":"page-produit-semi-fini.php","meta":{"_acf_changed":false,"footnotes":""},"class_list":["post-1348","page","type-page","status-publish","hentry"],"acf":[],"_links":{"self":[{"href":"https:\/\/www.aplast.fr\/index.php\/wp-json\/wp\/v2\/pages\/1348","targetHints":{"allow":["GET"]}}],"collection":[{"href":"https:\/\/www.aplast.fr\/index.php\/wp-json\/wp\/v2\/pages"}],"about":[{"href":"https:\/\/www.aplast.fr\/index.php\/wp-json\/wp\/v2\/types\/page"}],"author":[{"embeddable":true,"href":"https:\/\/www.aplast.fr\/index.php\/wp-json\/wp\/v2\/users\/1"}],"replies":[{"embeddable":true,"href":"https:\/\/www.aplast.fr\/index.php\/wp-json\/wp\/v2\/comments?post=1348"}],"version-history":[{"count":9,"href":"https:\/\/www.aplast.fr\/index.php\/wp-json\/wp\/v2\/pages\/1348\/revisions"}],"predecessor-version":[{"id":2167,"href":"https:\/\/www.aplast.fr\/index.php\/wp-json\/wp\/v2\/pages\/1348\/revisions\/2167"}],"up":[{"embeddable":true,"href":"https:\/\/www.aplast.fr\/index.php\/wp-json\/wp\/v2\/pages\/1333"}],"wp:attachment":[{"href":"https:\/\/www.aplast.fr\/index.php\/wp-json\/wp\/v2\/media?parent=1348"}],"curies":[{"name":"wp","href":"https:\/\/api.w.org\/{rel}","templated":true}]}}