{"id":1224,"date":"2016-01-25T13:23:57","date_gmt":"2016-01-25T13:23:57","guid":{"rendered":"http:\/\/www.aplast.fr\/?page_id=1224"},"modified":"2016-03-07T08:58:42","modified_gmt":"2016-03-07T08:58:42","slug":"medical","status":"publish","type":"page","link":"https:\/\/www.aplast.fr\/index.php\/activites\/medical\/","title":{"rendered":"M\u00e9dical"},"content":{"rendered":"<p style=\"text-align: justify;\">Le march\u00e9 du m\u00e9dical utilise diff\u00e9rentes mati\u00e8res plastiques\u00a0qui\u00a0r\u00e9pondent aux\u00a0agr\u00e9ments\u00a0USP CLASS VI et\/ou ISO 10993.\u00a0Nous pouvons pr\u00e9coniser\u00a0les grades r\u00e9pondant \u00e0 votre cahier des charges.<\/p>\n<p style=\"text-align: justify;\"><strong>APLAST<\/strong> propose des semi-produits\u00a0pour des applications telles que :<\/p>\n<ul style=\"text-align: justify;\">\n<li>Orthop\u00e9die<\/li>\n<li>Administration des fluides<\/li>\n<li>Plateaux de st\u00e9rilisation<\/li>\n<li>Traitement du sang<\/li>\n<li>Monitorage et imagerie<\/li>\n<li>Instruments Chirurgicaux<\/li>\n<li>Diagnostiques cliniques et mat\u00e9riels de laboratoire<\/li>\n<\/ul>\n<p style=\"text-align: justify;\">Nous disposons\u00a0de nombreux retours <strong>d\u2019exp\u00e9riences<\/strong> sur de multiples <strong>applications<\/strong> dans ce secteur et proposons\u00a0de vous en faire b\u00e9n\u00e9ficier. Apr\u00e8s une \u00e9tude pr\u00e9cise de\u00a0vos besoins, nous\u00a0serons en mesure de vous\u00a0offrir des solutions\u00a0<strong>p\u00e9rennes<\/strong>,\u00a0<strong>fiables<\/strong>\u00a0et <strong>\u00e9conomiquement avantageuses<\/strong>.<\/p>\n<p style=\"text-align: justify;\">N\u2019h\u00e9sitez pas \u00e0 prendre contact avec notre \u00e9quipe commerciale pour \u00e9changer sur votre projet.<\/p>\n<p style=\"text-align: justify;\"><a href=\"https:\/\/www.aplast.fr\/wp-content\/uploads\/2016\/01\/Aplast.001.Medicale.FA_.FR-03.pdf\">T\u00e9l\u00e9charger le document PDF<\/a><\/p>\n","protected":false},"excerpt":{"rendered":"<p>Le march\u00e9 du m\u00e9dical utilise diff\u00e9rentes mati\u00e8res plastiques\u00a0qui\u00a0r\u00e9pondent aux\u00a0agr\u00e9ments\u00a0USP CLASS VI et\/ou ISO 10993.\u00a0Nous pouvons pr\u00e9coniser\u00a0les grades r\u00e9pondant \u00e0 votre cahier des charges. APLAST propose des semi-produits\u00a0pour des applications telles que : Orthop\u00e9die Administration des fluides Plateaux de st\u00e9rilisation Traitement du sang Monitorage et imagerie Instruments Chirurgicaux Diagnostiques cliniques et mat\u00e9riels de laboratoire Nous disposons\u00a0de [&hellip;]<\/p>\n","protected":false},"author":1,"featured_media":0,"parent":33,"menu_order":0,"comment_status":"closed","ping_status":"closed","template":"","meta":{"_acf_changed":false,"footnotes":""},"class_list":["post-1224","page","type-page","status-publish","hentry"],"acf":[],"_links":{"self":[{"href":"https:\/\/www.aplast.fr\/index.php\/wp-json\/wp\/v2\/pages\/1224","targetHints":{"allow":["GET"]}}],"collection":[{"href":"https:\/\/www.aplast.fr\/index.php\/wp-json\/wp\/v2\/pages"}],"about":[{"href":"https:\/\/www.aplast.fr\/index.php\/wp-json\/wp\/v2\/types\/page"}],"author":[{"embeddable":true,"href":"https:\/\/www.aplast.fr\/index.php\/wp-json\/wp\/v2\/users\/1"}],"replies":[{"embeddable":true,"href":"https:\/\/www.aplast.fr\/index.php\/wp-json\/wp\/v2\/comments?post=1224"}],"version-history":[{"count":18,"href":"https:\/\/www.aplast.fr\/index.php\/wp-json\/wp\/v2\/pages\/1224\/revisions"}],"predecessor-version":[{"id":2165,"href":"https:\/\/www.aplast.fr\/index.php\/wp-json\/wp\/v2\/pages\/1224\/revisions\/2165"}],"up":[{"embeddable":true,"href":"https:\/\/www.aplast.fr\/index.php\/wp-json\/wp\/v2\/pages\/33"}],"wp:attachment":[{"href":"https:\/\/www.aplast.fr\/index.php\/wp-json\/wp\/v2\/media?parent=1224"}],"curies":[{"name":"wp","href":"https:\/\/api.w.org\/{rel}","templated":true}]}}