{"id":1137,"date":"2016-01-22T08:52:11","date_gmt":"2016-01-22T08:52:11","guid":{"rendered":"http:\/\/www.aplast.fr\/index.php\/services-ingenierie\/plaques\/"},"modified":"2023-07-03T12:44:41","modified_gmt":"2023-07-03T12:44:41","slug":"plaques","status":"publish","type":"page","link":"https:\/\/www.aplast.fr\/index.php\/produits\/produits-semi-finis\/plaques\/","title":{"rendered":"Plaques"},"content":{"rendered":"<p><strong>APLAST<\/strong> propose des semi-produits\u00a0selon le proc\u00e9d\u00e9\u00a0d&rsquo;<strong>EXTRUSION-COMPRESSION<\/strong>, permettant la r\u00e9alisation de plaques d&rsquo;\u00e9paisseur toujours plus importante. Le d\u00e9veloppement de nombreux outillages nous permet de pouvoir r\u00e9pondre \u00e0 vos\u00a0demandes.\u00a0De plus, notre atelier de d\u00e9coupe vous proposera des\u00a0dimensions proches de vos cotes finies. Le traitement\u00a0thermique permet de\u00a0respecter\u00a0des tol\u00e9rances tr\u00e8s \u00e9troites.<\/p>\n<p><a href=\"https:\/\/www.aplast.fr\/wp-content\/uploads\/2023\/07\/PlaquesTab-FR-2.png\"><img loading=\"lazy\" decoding=\"async\" class=\"alignnone wp-image-2395 size-large\" src=\"https:\/\/www.aplast.fr\/wp-content\/uploads\/2023\/07\/PlaquesTab-FR-2-1024x311.png\" alt=\"\" width=\"1024\" height=\"311\" srcset=\"https:\/\/www.aplast.fr\/wp-content\/uploads\/2023\/07\/PlaquesTab-FR-2-1024x311.png 1024w, https:\/\/www.aplast.fr\/wp-content\/uploads\/2023\/07\/PlaquesTab-FR-2-300x91.png 300w, https:\/\/www.aplast.fr\/wp-content\/uploads\/2023\/07\/PlaquesTab-FR-2-768x234.png 768w, https:\/\/www.aplast.fr\/wp-content\/uploads\/2023\/07\/PlaquesTab-FR-2-160x49.png 160w, https:\/\/www.aplast.fr\/wp-content\/uploads\/2023\/07\/PlaquesTab-FR-2-100x30.png 100w, https:\/\/www.aplast.fr\/wp-content\/uploads\/2023\/07\/PlaquesTab-FR-2-22x7.png 22w, https:\/\/www.aplast.fr\/wp-content\/uploads\/2023\/07\/PlaquesTab-FR-2.png 1480w\" sizes=\"auto, (max-width: 1024px) 100vw, 1024px\" \/><\/a><\/p>\n<p><a href=\"https:\/\/www.aplast.fr\/wp-content\/uploads\/2016\/02\/Aplast.Plaques..pdf\">T\u00e9l\u00e9chargement de notre fiche produit<\/a><\/p>\n","protected":false},"excerpt":{"rendered":"<p>APLAST propose des semi-produits\u00a0selon le proc\u00e9d\u00e9\u00a0d&rsquo;EXTRUSION-COMPRESSION, permettant la r\u00e9alisation de plaques d&rsquo;\u00e9paisseur toujours plus importante. Le d\u00e9veloppement de nombreux outillages nous permet de pouvoir r\u00e9pondre \u00e0 vos\u00a0demandes.\u00a0De plus, notre atelier de d\u00e9coupe vous proposera des\u00a0dimensions proches de vos cotes finies. Le traitement\u00a0thermique permet de\u00a0respecter\u00a0des tol\u00e9rances tr\u00e8s \u00e9troites. T\u00e9l\u00e9chargement de notre fiche produit<\/p>\n","protected":false},"author":1,"featured_media":0,"parent":37,"menu_order":0,"comment_status":"closed","ping_status":"closed","template":"page-produit-semi-fini.php","meta":{"_acf_changed":false,"footnotes":""},"class_list":["post-1137","page","type-page","status-publish","hentry"],"acf":[],"_links":{"self":[{"href":"https:\/\/www.aplast.fr\/index.php\/wp-json\/wp\/v2\/pages\/1137","targetHints":{"allow":["GET"]}}],"collection":[{"href":"https:\/\/www.aplast.fr\/index.php\/wp-json\/wp\/v2\/pages"}],"about":[{"href":"https:\/\/www.aplast.fr\/index.php\/wp-json\/wp\/v2\/types\/page"}],"author":[{"embeddable":true,"href":"https:\/\/www.aplast.fr\/index.php\/wp-json\/wp\/v2\/users\/1"}],"replies":[{"embeddable":true,"href":"https:\/\/www.aplast.fr\/index.php\/wp-json\/wp\/v2\/comments?post=1137"}],"version-history":[{"count":54,"href":"https:\/\/www.aplast.fr\/index.php\/wp-json\/wp\/v2\/pages\/1137\/revisions"}],"predecessor-version":[{"id":2397,"href":"https:\/\/www.aplast.fr\/index.php\/wp-json\/wp\/v2\/pages\/1137\/revisions\/2397"}],"up":[{"embeddable":true,"href":"https:\/\/www.aplast.fr\/index.php\/wp-json\/wp\/v2\/pages\/37"}],"wp:attachment":[{"href":"https:\/\/www.aplast.fr\/index.php\/wp-json\/wp\/v2\/media?parent=1137"}],"curies":[{"name":"wp","href":"https:\/\/api.w.org\/{rel}","templated":true}]}}