{"id":1135,"date":"2016-01-22T08:52:11","date_gmt":"2016-01-22T08:52:11","guid":{"rendered":"http:\/\/www.aplast.fr\/index.php\/services-ingenierie\/galets\/"},"modified":"2016-04-21T07:12:09","modified_gmt":"2016-04-21T07:12:09","slug":"galets","status":"publish","type":"page","link":"https:\/\/www.aplast.fr\/index.php\/produits\/produits-semi-finis\/galets\/","title":{"rendered":"Galets"},"content":{"rendered":"<p style=\"text-align: justify;\">Les galets sont des barres rondes dont le diam\u00e8tre est sup\u00e9rieur \u00e0 l&rsquo;\u00e9paisseur. <strong>APLAST<\/strong> propose des galets suivant le\u00a0proc\u00e9d\u00e9 <strong>EXTRUSION-COMPRESSION<\/strong> permettant d&rsquo;optimiser\u00a0le gain mati\u00e8re.<\/p>\n<p style=\"text-align: justify;\">Nos galets sont destin\u00e9s \u00e0 \u00eatre usin\u00e9s pour obtenir des pi\u00e8ces finies. Le traitement thermique permet de respecter\u00a0des tol\u00e9rances tr\u00e8s \u00e9troites.<\/p>\n<p><a href=\"https:\/\/www.aplast.fr\/wp-content\/uploads\/2016\/01\/GaletsTab-FR-1.png\" rel=\"attachment wp-att-2218\"><img loading=\"lazy\" decoding=\"async\" class=\"alignnone wp-image-2218\" src=\"https:\/\/www.aplast.fr\/wp-content\/uploads\/2016\/01\/GaletsTab-FR-1.png\" alt=\"GaletsTab-FR\" width=\"850\" height=\"350\" srcset=\"https:\/\/www.aplast.fr\/wp-content\/uploads\/2016\/01\/GaletsTab-FR-1.png 1480w, https:\/\/www.aplast.fr\/wp-content\/uploads\/2016\/01\/GaletsTab-FR-1-300x123.png 300w, https:\/\/www.aplast.fr\/wp-content\/uploads\/2016\/01\/GaletsTab-FR-1-768x316.png 768w, https:\/\/www.aplast.fr\/wp-content\/uploads\/2016\/01\/GaletsTab-FR-1-1024x421.png 1024w, https:\/\/www.aplast.fr\/wp-content\/uploads\/2016\/01\/GaletsTab-FR-1-160x66.png 160w, https:\/\/www.aplast.fr\/wp-content\/uploads\/2016\/01\/GaletsTab-FR-1-100x41.png 100w, https:\/\/www.aplast.fr\/wp-content\/uploads\/2016\/01\/GaletsTab-FR-1-22x9.png 22w\" sizes=\"auto, (max-width: 850px) 100vw, 850px\" \/><\/a><\/p>\n<p style=\"text-align: justify;\"><a href=\"https:\/\/www.aplast.fr\/wp-content\/uploads\/2016\/02\/Aplast.Galets.pdf\" rel=\"\">T\u00e9l\u00e9chargement de notre fiche produit<\/a><\/p>\n","protected":false},"excerpt":{"rendered":"<p>Les galets sont des barres rondes dont le diam\u00e8tre est sup\u00e9rieur \u00e0 l&rsquo;\u00e9paisseur. APLAST propose des galets suivant le\u00a0proc\u00e9d\u00e9 EXTRUSION-COMPRESSION permettant d&rsquo;optimiser\u00a0le gain mati\u00e8re. Nos galets sont destin\u00e9s \u00e0 \u00eatre usin\u00e9s pour obtenir des pi\u00e8ces finies. Le traitement thermique permet de respecter\u00a0des tol\u00e9rances tr\u00e8s \u00e9troites. T\u00e9l\u00e9chargement de notre fiche produit<\/p>\n","protected":false},"author":1,"featured_media":0,"parent":37,"menu_order":2,"comment_status":"closed","ping_status":"closed","template":"page-produit-semi-fini.php","meta":{"_acf_changed":false,"footnotes":""},"class_list":["post-1135","page","type-page","status-publish","hentry"],"acf":[],"_links":{"self":[{"href":"https:\/\/www.aplast.fr\/index.php\/wp-json\/wp\/v2\/pages\/1135","targetHints":{"allow":["GET"]}}],"collection":[{"href":"https:\/\/www.aplast.fr\/index.php\/wp-json\/wp\/v2\/pages"}],"about":[{"href":"https:\/\/www.aplast.fr\/index.php\/wp-json\/wp\/v2\/types\/page"}],"author":[{"embeddable":true,"href":"https:\/\/www.aplast.fr\/index.php\/wp-json\/wp\/v2\/users\/1"}],"replies":[{"embeddable":true,"href":"https:\/\/www.aplast.fr\/index.php\/wp-json\/wp\/v2\/comments?post=1135"}],"version-history":[{"count":22,"href":"https:\/\/www.aplast.fr\/index.php\/wp-json\/wp\/v2\/pages\/1135\/revisions"}],"predecessor-version":[{"id":2246,"href":"https:\/\/www.aplast.fr\/index.php\/wp-json\/wp\/v2\/pages\/1135\/revisions\/2246"}],"up":[{"embeddable":true,"href":"https:\/\/www.aplast.fr\/index.php\/wp-json\/wp\/v2\/pages\/37"}],"wp:attachment":[{"href":"https:\/\/www.aplast.fr\/index.php\/wp-json\/wp\/v2\/media?parent=1135"}],"curies":[{"name":"wp","href":"https:\/\/api.w.org\/{rel}","templated":true}]}}