{"id":1134,"date":"2016-01-22T08:52:11","date_gmt":"2016-01-22T08:52:11","guid":{"rendered":"http:\/\/www.aplast.fr\/index.php\/services-ingenierie\/ebauches\/"},"modified":"2023-07-03T13:21:25","modified_gmt":"2023-07-03T13:21:25","slug":"ebauches","status":"publish","type":"page","link":"https:\/\/www.aplast.fr\/index.php\/produits\/produits-semi-finis\/ebauches\/","title":{"rendered":"Ebauches"},"content":{"rendered":"<p style=\"text-align: justify;\">Le proc\u00e9d\u00e9 <strong>EXTRUSION-COMPRESSION\u00a0<\/strong>alli\u00e9 \u00e0 de nombreux outillages\u00a0permet de vous proposer des \u00e9bauches creuses de fortes \u00e9paisseurs\u00a0de m\u00eame que\u00a0des \u00e9bauches moul\u00e9es suivant plan.<\/p>\n<p style=\"text-align: justify;\">Nos \u00e9bauches moul\u00e9es suivant plan peuvent \u00eatre propos\u00e9es\u00a0lors d&rsquo;une s\u00e9rie de pi\u00e8ces permettant d&rsquo;amortir un co\u00fbt d&rsquo;outillage. Cette alternative permet de r\u00e9aliser un gain de mati\u00e8re, un gain en temps de transformation et en temps d&rsquo;usinage.\u00a0A noter que les \u00e9bauches moul\u00e9es suivant plan ont l&rsquo;avantage d&rsquo;avoir une m\u00e9moire de forme qui am\u00e9liore la stabilit\u00e9 dimensionnelle.<\/p>\n<p><a href=\"https:\/\/www.aplast.fr\/wp-content\/uploads\/2023\/07\/EbaucheTab-FR-2.png\"><img loading=\"lazy\" decoding=\"async\" class=\"alignnone wp-image-2398 size-large\" src=\"https:\/\/www.aplast.fr\/wp-content\/uploads\/2023\/07\/EbaucheTab-FR-2-1024x339.png\" alt=\"\" width=\"1024\" height=\"339\" srcset=\"https:\/\/www.aplast.fr\/wp-content\/uploads\/2023\/07\/EbaucheTab-FR-2-1024x339.png 1024w, https:\/\/www.aplast.fr\/wp-content\/uploads\/2023\/07\/EbaucheTab-FR-2-300x99.png 300w, https:\/\/www.aplast.fr\/wp-content\/uploads\/2023\/07\/EbaucheTab-FR-2-768x255.png 768w, https:\/\/www.aplast.fr\/wp-content\/uploads\/2023\/07\/EbaucheTab-FR-2-160x53.png 160w, https:\/\/www.aplast.fr\/wp-content\/uploads\/2023\/07\/EbaucheTab-FR-2-100x33.png 100w, https:\/\/www.aplast.fr\/wp-content\/uploads\/2023\/07\/EbaucheTab-FR-2-22x7.png 22w, https:\/\/www.aplast.fr\/wp-content\/uploads\/2023\/07\/EbaucheTab-FR-2.png 1478w\" sizes=\"auto, (max-width: 1024px) 100vw, 1024px\" \/><\/a><\/p>\n<p style=\"text-align: justify;\"><a href=\"https:\/\/www.aplast.fr\/wp-content\/uploads\/2016\/02\/Aplast.Ebauches..pdf\" rel=\"\">T\u00e9l\u00e9chargement de notre fiche produit<\/a><\/p>\n","protected":false},"excerpt":{"rendered":"<p>Le proc\u00e9d\u00e9 EXTRUSION-COMPRESSION\u00a0alli\u00e9 \u00e0 de nombreux outillages\u00a0permet de vous proposer des \u00e9bauches creuses de fortes \u00e9paisseurs\u00a0de m\u00eame que\u00a0des \u00e9bauches moul\u00e9es suivant plan. Nos \u00e9bauches moul\u00e9es suivant plan peuvent \u00eatre propos\u00e9es\u00a0lors d&rsquo;une s\u00e9rie de pi\u00e8ces permettant d&rsquo;amortir un co\u00fbt d&rsquo;outillage. Cette alternative permet de r\u00e9aliser un gain de mati\u00e8re, un gain en temps de transformation et [&hellip;]<\/p>\n","protected":false},"author":1,"featured_media":0,"parent":37,"menu_order":3,"comment_status":"closed","ping_status":"closed","template":"page-produit-semi-fini.php","meta":{"_acf_changed":false,"footnotes":""},"class_list":["post-1134","page","type-page","status-publish","hentry"],"acf":[],"_links":{"self":[{"href":"https:\/\/www.aplast.fr\/index.php\/wp-json\/wp\/v2\/pages\/1134","targetHints":{"allow":["GET"]}}],"collection":[{"href":"https:\/\/www.aplast.fr\/index.php\/wp-json\/wp\/v2\/pages"}],"about":[{"href":"https:\/\/www.aplast.fr\/index.php\/wp-json\/wp\/v2\/types\/page"}],"author":[{"embeddable":true,"href":"https:\/\/www.aplast.fr\/index.php\/wp-json\/wp\/v2\/users\/1"}],"replies":[{"embeddable":true,"href":"https:\/\/www.aplast.fr\/index.php\/wp-json\/wp\/v2\/comments?post=1134"}],"version-history":[{"count":24,"href":"https:\/\/www.aplast.fr\/index.php\/wp-json\/wp\/v2\/pages\/1134\/revisions"}],"predecessor-version":[{"id":2399,"href":"https:\/\/www.aplast.fr\/index.php\/wp-json\/wp\/v2\/pages\/1134\/revisions\/2399"}],"up":[{"embeddable":true,"href":"https:\/\/www.aplast.fr\/index.php\/wp-json\/wp\/v2\/pages\/37"}],"wp:attachment":[{"href":"https:\/\/www.aplast.fr\/index.php\/wp-json\/wp\/v2\/media?parent=1134"}],"curies":[{"name":"wp","href":"https:\/\/api.w.org\/{rel}","templated":true}]}}