{"id":1109,"date":"2016-01-22T08:48:23","date_gmt":"2016-01-22T08:48:23","guid":{"rendered":"http:\/\/www.aplast.fr\/?page_id=1109"},"modified":"2016-03-07T08:57:09","modified_gmt":"2016-03-07T08:57:09","slug":"connecteurs","status":"publish","type":"page","link":"https:\/\/www.aplast.fr\/index.php\/activites\/connecteurs\/","title":{"rendered":"Connecteurs"},"content":{"rendered":"<p>&nbsp;<\/p>\n<p>A l&rsquo;image de l&rsquo;industrie \u00e9lectronique, les connecteurs utilisent\u00a0des mati\u00e8res plastiques pour leurs propri\u00e9t\u00e9s isolantes.<\/p>\n<p><strong>APLAST<\/strong> propose des semi-produits\u00a0pour diff\u00e9rentes\u00a0secteurs d&rsquo;activit\u00e9s\u00a0:<\/p>\n<ul>\n<li>Oil and Gas<\/li>\n<li>A\u00e9ronautique<\/li>\n<li>Sports m\u00e9caniques<\/li>\n<li>Spatial<\/li>\n<li>Naval<\/li>\n<\/ul>\n<p>Nous disposons\u00a0de nombreux retours <strong>d\u2019exp\u00e9riences<\/strong> sur de multiples <strong>applications<\/strong> dans ce secteur et proposons\u00a0de vous en faire b\u00e9n\u00e9ficier. Apr\u00e8s une \u00e9tude pr\u00e9cise de\u00a0vos besoins, nous\u00a0serons en mesure de vous\u00a0offrir des solutions\u00a0<strong>p\u00e9rennes<\/strong>,\u00a0<strong>fiables<\/strong>\u00a0et <strong>\u00e9conomiquement avantageuses<\/strong>.<\/p>\n<p>N\u2019h\u00e9sitez pas \u00e0 prendre contact avec notre \u00e9quipe commerciale pour \u00e9changer sur votre projet.<\/p>\n","protected":false},"excerpt":{"rendered":"<p>&nbsp; A l&rsquo;image de l&rsquo;industrie \u00e9lectronique, les connecteurs utilisent\u00a0des mati\u00e8res plastiques pour leurs propri\u00e9t\u00e9s isolantes. APLAST propose des semi-produits\u00a0pour diff\u00e9rentes\u00a0secteurs d&rsquo;activit\u00e9s\u00a0: Oil and Gas A\u00e9ronautique Sports m\u00e9caniques Spatial Naval Nous disposons\u00a0de nombreux retours d\u2019exp\u00e9riences sur de multiples applications dans ce secteur et proposons\u00a0de vous en faire b\u00e9n\u00e9ficier. Apr\u00e8s une \u00e9tude pr\u00e9cise de\u00a0vos besoins, nous\u00a0serons en [&hellip;]<\/p>\n","protected":false},"author":1,"featured_media":0,"parent":33,"menu_order":0,"comment_status":"closed","ping_status":"closed","template":"","meta":{"_acf_changed":false,"footnotes":""},"class_list":["post-1109","page","type-page","status-publish","hentry"],"acf":[],"_links":{"self":[{"href":"https:\/\/www.aplast.fr\/index.php\/wp-json\/wp\/v2\/pages\/1109","targetHints":{"allow":["GET"]}}],"collection":[{"href":"https:\/\/www.aplast.fr\/index.php\/wp-json\/wp\/v2\/pages"}],"about":[{"href":"https:\/\/www.aplast.fr\/index.php\/wp-json\/wp\/v2\/types\/page"}],"author":[{"embeddable":true,"href":"https:\/\/www.aplast.fr\/index.php\/wp-json\/wp\/v2\/users\/1"}],"replies":[{"embeddable":true,"href":"https:\/\/www.aplast.fr\/index.php\/wp-json\/wp\/v2\/comments?post=1109"}],"version-history":[{"count":16,"href":"https:\/\/www.aplast.fr\/index.php\/wp-json\/wp\/v2\/pages\/1109\/revisions"}],"predecessor-version":[{"id":2162,"href":"https:\/\/www.aplast.fr\/index.php\/wp-json\/wp\/v2\/pages\/1109\/revisions\/2162"}],"up":[{"embeddable":true,"href":"https:\/\/www.aplast.fr\/index.php\/wp-json\/wp\/v2\/pages\/33"}],"wp:attachment":[{"href":"https:\/\/www.aplast.fr\/index.php\/wp-json\/wp\/v2\/media?parent=1109"}],"curies":[{"name":"wp","href":"https:\/\/api.w.org\/{rel}","templated":true}]}}