{"id":1107,"date":"2016-01-22T08:48:09","date_gmt":"2016-01-22T08:48:09","guid":{"rendered":"http:\/\/www.aplast.fr\/?page_id=1107"},"modified":"2016-03-07T08:56:35","modified_gmt":"2016-03-07T08:56:35","slug":"sports-mecaniques","status":"publish","type":"page","link":"https:\/\/www.aplast.fr\/index.php\/activites\/sports-mecaniques\/","title":{"rendered":"Sports m\u00e9caniques"},"content":{"rendered":"<p>&nbsp;<\/p>\n<p>Le secteur des sports m\u00e9caniques est continuellement \u00e0 la recherche d&rsquo;un gain de poids.\u00a0L&rsquo;utilisation des plastiques renforc\u00e9s fibre de carbone permet de gagner en l\u00e9g\u00e8ret\u00e9, en r\u00e9sistance m\u00e9canique m\u00eame \u00e0 des temp\u00e9ratures \u00e9lev\u00e9es.<\/p>\n<p style=\"text-align: justify;\"><strong>APLAST<\/strong> propose des semi-produits renforc\u00e9s en <strong>fibre de carbone ou nitrure de bore<\/strong> pour des applications telles que :<\/p>\n<ul style=\"text-align: justify;\">\n<li>Composants de pompes (eau, huile)<\/li>\n<li>Connecteurs<\/li>\n<li>Composants de transmissions<\/li>\n<\/ul>\n<p style=\"text-align: justify;\">Nous disposons\u00a0de nombreux retours <strong>d\u2019exp\u00e9riences<\/strong> sur de multiples <strong>applications<\/strong> dans ce secteur et proposons\u00a0de vous en faire b\u00e9n\u00e9ficier. Apr\u00e8s une \u00e9tude pr\u00e9cise de\u00a0vos besoins, nous\u00a0serons en mesure de vous\u00a0offrir des solutions\u00a0<strong>p\u00e9rennes<\/strong>,\u00a0<strong>fiables<\/strong>\u00a0et <strong>\u00e9conomiquement avantageuses<\/strong>.<\/p>\n<p style=\"text-align: justify;\">N\u2019h\u00e9sitez pas \u00e0 prendre contact avec notre \u00e9quipe commerciale pour \u00e9changer sur votre projet.<\/p>\n","protected":false},"excerpt":{"rendered":"<p>&nbsp; Le secteur des sports m\u00e9caniques est continuellement \u00e0 la recherche d&rsquo;un gain de poids.\u00a0L&rsquo;utilisation des plastiques renforc\u00e9s fibre de carbone permet de gagner en l\u00e9g\u00e8ret\u00e9, en r\u00e9sistance m\u00e9canique m\u00eame \u00e0 des temp\u00e9ratures \u00e9lev\u00e9es. APLAST propose des semi-produits renforc\u00e9s en fibre de carbone ou nitrure de bore pour des applications telles que : Composants de [&hellip;]<\/p>\n","protected":false},"author":1,"featured_media":0,"parent":33,"menu_order":0,"comment_status":"closed","ping_status":"closed","template":"","meta":{"_acf_changed":false,"footnotes":""},"class_list":["post-1107","page","type-page","status-publish","hentry"],"acf":[],"_links":{"self":[{"href":"https:\/\/www.aplast.fr\/index.php\/wp-json\/wp\/v2\/pages\/1107","targetHints":{"allow":["GET"]}}],"collection":[{"href":"https:\/\/www.aplast.fr\/index.php\/wp-json\/wp\/v2\/pages"}],"about":[{"href":"https:\/\/www.aplast.fr\/index.php\/wp-json\/wp\/v2\/types\/page"}],"author":[{"embeddable":true,"href":"https:\/\/www.aplast.fr\/index.php\/wp-json\/wp\/v2\/users\/1"}],"replies":[{"embeddable":true,"href":"https:\/\/www.aplast.fr\/index.php\/wp-json\/wp\/v2\/comments?post=1107"}],"version-history":[{"count":19,"href":"https:\/\/www.aplast.fr\/index.php\/wp-json\/wp\/v2\/pages\/1107\/revisions"}],"predecessor-version":[{"id":2161,"href":"https:\/\/www.aplast.fr\/index.php\/wp-json\/wp\/v2\/pages\/1107\/revisions\/2161"}],"up":[{"embeddable":true,"href":"https:\/\/www.aplast.fr\/index.php\/wp-json\/wp\/v2\/pages\/33"}],"wp:attachment":[{"href":"https:\/\/www.aplast.fr\/index.php\/wp-json\/wp\/v2\/media?parent=1107"}],"curies":[{"name":"wp","href":"https:\/\/api.w.org\/{rel}","templated":true}]}}