{"id":1105,"date":"2016-01-22T08:47:56","date_gmt":"2016-01-22T08:47:56","guid":{"rendered":"http:\/\/www.aplast.fr\/?page_id=1105"},"modified":"2016-03-07T08:55:47","modified_gmt":"2016-03-07T08:55:47","slug":"industrie-navales","status":"publish","type":"page","link":"https:\/\/www.aplast.fr\/index.php\/activites\/industrie-navales\/","title":{"rendered":"Industrie navale"},"content":{"rendered":"<p>&nbsp;<\/p>\n<p>Le march\u00e9 de l&rsquo;industrie navale utilise diff\u00e9rentes mati\u00e8res plastiques\u00a0qui\u00a0r\u00e9pondent parfaitement au besoin de ce secteur en terme de r\u00e9sistance \u00e0 l&rsquo;hydrolyse et \u00e0 un environnement marin agressif.<\/p>\n<p style=\"text-align: justify;\"><strong>APLAST<\/strong> propose des semi-produits\u00a0pour des applications telles que :<\/p>\n<ul style=\"text-align: justify;\">\n<li>Joints d&rsquo;\u00e9tanch\u00e9it\u00e9<\/li>\n<li>Composants d&rsquo;usine \u00e0 oxyg\u00e8ne<\/li>\n<li>Filtres \u00e0 eau de mer<\/li>\n<li>Travers\u00e9es de cloison \u00e9tanche<\/li>\n<\/ul>\n<p style=\"text-align: justify;\">Nous disposons\u00a0de nombreux retours <strong>d\u2019exp\u00e9riences<\/strong> sur de multiples <strong>applications<\/strong> dans ce secteur et proposons\u00a0de vous en faire b\u00e9n\u00e9ficier. Apr\u00e8s une \u00e9tude pr\u00e9cise de\u00a0vos besoins, nous\u00a0serons en mesure de vous\u00a0offrir des solutions\u00a0<strong>p\u00e9rennes<\/strong>,\u00a0<strong>fiables<\/strong>\u00a0et <strong>\u00e9conomiquement avantageuses<\/strong>.<\/p>\n<p style=\"text-align: justify;\">N\u2019h\u00e9sitez pas \u00e0 prendre contact avec notre \u00e9quipe commerciale pour \u00e9changer sur votre projet.<\/p>\n","protected":false},"excerpt":{"rendered":"<p>&nbsp; Le march\u00e9 de l&rsquo;industrie navale utilise diff\u00e9rentes mati\u00e8res plastiques\u00a0qui\u00a0r\u00e9pondent parfaitement au besoin de ce secteur en terme de r\u00e9sistance \u00e0 l&rsquo;hydrolyse et \u00e0 un environnement marin agressif. APLAST propose des semi-produits\u00a0pour des applications telles que : Joints d&rsquo;\u00e9tanch\u00e9it\u00e9 Composants d&rsquo;usine \u00e0 oxyg\u00e8ne Filtres \u00e0 eau de mer Travers\u00e9es de cloison \u00e9tanche Nous disposons\u00a0de nombreux [&hellip;]<\/p>\n","protected":false},"author":1,"featured_media":0,"parent":33,"menu_order":0,"comment_status":"closed","ping_status":"closed","template":"","meta":{"_acf_changed":false,"footnotes":""},"class_list":["post-1105","page","type-page","status-publish","hentry"],"acf":[],"_links":{"self":[{"href":"https:\/\/www.aplast.fr\/index.php\/wp-json\/wp\/v2\/pages\/1105","targetHints":{"allow":["GET"]}}],"collection":[{"href":"https:\/\/www.aplast.fr\/index.php\/wp-json\/wp\/v2\/pages"}],"about":[{"href":"https:\/\/www.aplast.fr\/index.php\/wp-json\/wp\/v2\/types\/page"}],"author":[{"embeddable":true,"href":"https:\/\/www.aplast.fr\/index.php\/wp-json\/wp\/v2\/users\/1"}],"replies":[{"embeddable":true,"href":"https:\/\/www.aplast.fr\/index.php\/wp-json\/wp\/v2\/comments?post=1105"}],"version-history":[{"count":15,"href":"https:\/\/www.aplast.fr\/index.php\/wp-json\/wp\/v2\/pages\/1105\/revisions"}],"predecessor-version":[{"id":2160,"href":"https:\/\/www.aplast.fr\/index.php\/wp-json\/wp\/v2\/pages\/1105\/revisions\/2160"}],"up":[{"embeddable":true,"href":"https:\/\/www.aplast.fr\/index.php\/wp-json\/wp\/v2\/pages\/33"}],"wp:attachment":[{"href":"https:\/\/www.aplast.fr\/index.php\/wp-json\/wp\/v2\/media?parent=1105"}],"curies":[{"name":"wp","href":"https:\/\/api.w.org\/{rel}","templated":true}]}}