{"id":1103,"date":"2016-01-22T08:47:44","date_gmt":"2016-01-22T08:47:44","guid":{"rendered":"http:\/\/www.aplast.fr\/?page_id=1103"},"modified":"2016-03-07T08:55:17","modified_gmt":"2016-03-07T08:55:17","slug":"electronique","status":"publish","type":"page","link":"https:\/\/www.aplast.fr\/index.php\/activites\/electronique\/","title":{"rendered":"Electronique"},"content":{"rendered":"<p>&nbsp;<\/p>\n<p>Les mati\u00e8res plastiques participent\u00a0activement au d\u00e9veloppement de l&rsquo;industrie \u00e9lectronique. Tr\u00e8s isolants,\u00a0capables d&rsquo;int\u00e9grer de multiples fonctions, les composants \u00e9lectroniques\u00a0imposent de r\u00e9elles contraintes techniques.<\/p>\n<p style=\"text-align: justify;\"><strong>APLAST<\/strong> propose des semi-produits\u00a0pour des applications telles que :<\/p>\n<ul style=\"text-align: justify;\">\n<li>Composants de circuits imprim\u00e9s<\/li>\n<li>El\u00e9ments de capteurs<\/li>\n<li>El\u00e9ments d&rsquo;isolants thermiques<\/li>\n<\/ul>\n<p style=\"text-align: justify;\">Nous disposons\u00a0de nombreux retours <strong>d\u2019exp\u00e9riences<\/strong> sur de multiples <strong>applications<\/strong> dans ce secteur et proposons\u00a0de vous en faire b\u00e9n\u00e9ficier. Apr\u00e8s une \u00e9tude pr\u00e9cise de\u00a0vos besoins, nous\u00a0serons en mesure de vous\u00a0offrir des solutions\u00a0<strong>p\u00e9rennes<\/strong>,\u00a0<strong>fiables<\/strong>\u00a0et <strong>\u00e9conomiquement avantageuses<\/strong>.<\/p>\n<p style=\"text-align: justify;\">N\u2019h\u00e9sitez pas \u00e0 prendre contact avec notre \u00e9quipe commerciale pour \u00e9changer sur votre projet.<\/p>\n","protected":false},"excerpt":{"rendered":"<p>&nbsp; Les mati\u00e8res plastiques participent\u00a0activement au d\u00e9veloppement de l&rsquo;industrie \u00e9lectronique. Tr\u00e8s isolants,\u00a0capables d&rsquo;int\u00e9grer de multiples fonctions, les composants \u00e9lectroniques\u00a0imposent de r\u00e9elles contraintes techniques. APLAST propose des semi-produits\u00a0pour des applications telles que : Composants de circuits imprim\u00e9s El\u00e9ments de capteurs El\u00e9ments d&rsquo;isolants thermiques Nous disposons\u00a0de nombreux retours d\u2019exp\u00e9riences sur de multiples applications dans ce secteur et [&hellip;]<\/p>\n","protected":false},"author":1,"featured_media":0,"parent":33,"menu_order":0,"comment_status":"closed","ping_status":"closed","template":"","meta":{"_acf_changed":false,"footnotes":""},"class_list":["post-1103","page","type-page","status-publish","hentry"],"acf":[],"_links":{"self":[{"href":"https:\/\/www.aplast.fr\/index.php\/wp-json\/wp\/v2\/pages\/1103","targetHints":{"allow":["GET"]}}],"collection":[{"href":"https:\/\/www.aplast.fr\/index.php\/wp-json\/wp\/v2\/pages"}],"about":[{"href":"https:\/\/www.aplast.fr\/index.php\/wp-json\/wp\/v2\/types\/page"}],"author":[{"embeddable":true,"href":"https:\/\/www.aplast.fr\/index.php\/wp-json\/wp\/v2\/users\/1"}],"replies":[{"embeddable":true,"href":"https:\/\/www.aplast.fr\/index.php\/wp-json\/wp\/v2\/comments?post=1103"}],"version-history":[{"count":16,"href":"https:\/\/www.aplast.fr\/index.php\/wp-json\/wp\/v2\/pages\/1103\/revisions"}],"predecessor-version":[{"id":2159,"href":"https:\/\/www.aplast.fr\/index.php\/wp-json\/wp\/v2\/pages\/1103\/revisions\/2159"}],"up":[{"embeddable":true,"href":"https:\/\/www.aplast.fr\/index.php\/wp-json\/wp\/v2\/pages\/33"}],"wp:attachment":[{"href":"https:\/\/www.aplast.fr\/index.php\/wp-json\/wp\/v2\/media?parent=1103"}],"curies":[{"name":"wp","href":"https:\/\/api.w.org\/{rel}","templated":true}]}}