{"id":1094,"date":"2016-01-22T08:44:53","date_gmt":"2016-01-22T08:44:53","guid":{"rendered":"http:\/\/www.aplast.fr\/?page_id=1094"},"modified":"2016-03-09T17:38:07","modified_gmt":"2016-03-09T17:38:07","slug":"aeronautique-civile","status":"publish","type":"page","link":"https:\/\/www.aplast.fr\/index.php\/activites\/aeronautique-civile\/","title":{"rendered":"A\u00e9ronautique"},"content":{"rendered":"<p style=\"text-align: justify;\"><strong><br \/>\nAPLAST<\/strong> propose des\u00a0mati\u00e8res certifi\u00e9es pour le secteur a\u00e9ronautique. Les mati\u00e8res plastiques se sont substitu\u00e9es aux alliages l\u00e9gers. Le gain de poids permet une \u00e9conomie de carburant et am\u00e9liore la s\u00e9curit\u00e9 et le confort des passagers.<\/p>\n<p style=\"text-align: justify;\"><strong>APLAST<\/strong> propose des semi-produits\u00a0pour des applications telles que :<\/p>\n<ul style=\"text-align: justify;\">\n<li>Composants de casques<\/li>\n<li>Composants de cockpits<\/li>\n<li>Composants dans les syst\u00e8mes de circulation de carburant<\/li>\n<\/ul>\n<p style=\"text-align: justify;\">Nous disposons\u00a0de nombreux retours <strong>d\u2019exp\u00e9riences<\/strong> sur de multiples <strong>applications<\/strong> dans ce secteur et proposons\u00a0de vous en faire b\u00e9n\u00e9ficier. Apr\u00e8s une \u00e9tude pr\u00e9cise de\u00a0vos besoins, nous\u00a0serons en mesure de vous\u00a0offrir des solutions\u00a0<strong>p\u00e9rennes<\/strong>,\u00a0<strong>fiables<\/strong>\u00a0et <strong>\u00e9conomiquement avantageuses<\/strong>.<\/p>\n<p style=\"text-align: justify;\">N\u2019h\u00e9sitez pas \u00e0 prendre contact avec notre \u00e9quipe commerciale pour \u00e9changer sur votre projet.<\/p>\n","protected":false},"excerpt":{"rendered":"<p>APLAST propose des\u00a0mati\u00e8res certifi\u00e9es pour le secteur a\u00e9ronautique. Les mati\u00e8res plastiques se sont substitu\u00e9es aux alliages l\u00e9gers. Le gain de poids permet une \u00e9conomie de carburant et am\u00e9liore la s\u00e9curit\u00e9 et le confort des passagers. APLAST propose des semi-produits\u00a0pour des applications telles que : Composants de casques Composants de cockpits Composants dans les syst\u00e8mes de [&hellip;]<\/p>\n","protected":false},"author":1,"featured_media":0,"parent":33,"menu_order":0,"comment_status":"closed","ping_status":"closed","template":"","meta":{"_acf_changed":false,"footnotes":""},"class_list":["post-1094","page","type-page","status-publish","hentry"],"acf":[],"_links":{"self":[{"href":"https:\/\/www.aplast.fr\/index.php\/wp-json\/wp\/v2\/pages\/1094","targetHints":{"allow":["GET"]}}],"collection":[{"href":"https:\/\/www.aplast.fr\/index.php\/wp-json\/wp\/v2\/pages"}],"about":[{"href":"https:\/\/www.aplast.fr\/index.php\/wp-json\/wp\/v2\/types\/page"}],"author":[{"embeddable":true,"href":"https:\/\/www.aplast.fr\/index.php\/wp-json\/wp\/v2\/users\/1"}],"replies":[{"embeddable":true,"href":"https:\/\/www.aplast.fr\/index.php\/wp-json\/wp\/v2\/comments?post=1094"}],"version-history":[{"count":25,"href":"https:\/\/www.aplast.fr\/index.php\/wp-json\/wp\/v2\/pages\/1094\/revisions"}],"predecessor-version":[{"id":2211,"href":"https:\/\/www.aplast.fr\/index.php\/wp-json\/wp\/v2\/pages\/1094\/revisions\/2211"}],"up":[{"embeddable":true,"href":"https:\/\/www.aplast.fr\/index.php\/wp-json\/wp\/v2\/pages\/33"}],"wp:attachment":[{"href":"https:\/\/www.aplast.fr\/index.php\/wp-json\/wp\/v2\/media?parent=1094"}],"curies":[{"name":"wp","href":"https:\/\/api.w.org\/{rel}","templated":true}]}}